{"id":1805,"date":"2026-01-28T09:10:45","date_gmt":"2026-01-28T09:10:45","guid":{"rendered":"https:\/\/pasyjne.zory.pl\/?page_id=1805"},"modified":"2026-03-04T18:56:08","modified_gmt":"2026-03-04T18:56:08","slug":"beata-vymlatilova-petra-benova-lukasz-wilga-soloists","status":"publish","type":"page","link":"https:\/\/pasyjne.zory.pl\/en\/choirs\/beata-vymlatilova-petra-benova-lukasz-wilga-soloists\/","title":{"rendered":"Be\u00e1ta Vyml\u00e1tilov\u00e1, Petra Benov\u00e1, \u0141ukasz Wilga \u2013 soloists"},"content":{"rendered":"\t\t<div data-elementor-type=\"wp-page\" data-elementor-id=\"1805\" class=\"elementor elementor-1805 elementor-1637\" data-elementor-post-type=\"page\">\n\t\t\t\t<div class=\"elementor-element elementor-element-9d22107 e-flex e-con-boxed e-con e-parent\" data-id=\"9d22107\" data-element_type=\"container\" data-e-type=\"container\">\n\t\t\t\t\t<div class=\"e-con-inner\">\n\t\t\t\t<div class=\"elementor-element elementor-element-83a5eca elementor-widget elementor-widget-heading\" data-id=\"83a5eca\" data-element_type=\"widget\" data-e-type=\"widget\" data-widget_type=\"heading.default\">\n\t\t\t\t<div class=\"elementor-widget-container\">\n\t\t\t\t\t<h2 class=\"elementor-heading-title elementor-size-default\">Be\u00e1ta Vyml\u00e1tilov\u00e1, Petra Benov\u00e1, \u0141ukasz Wilga \u2013 soloists<\/h2>\t\t\t\t<\/div>\n\t\t\t\t<\/div>\n\t\t\t\t<div class=\"elementor-element elementor-element-5cbd95a elementor-widget elementor-widget-heading\" data-id=\"5cbd95a\" data-element_type=\"widget\" data-e-type=\"widget\" data-widget_type=\"heading.default\">\n\t\t\t\t<div class=\"elementor-widget-container\">\n\t\t\t\t\t<h3 class=\"elementor-heading-title elementor-size-default\">21st March 2026 r. \/ at 6:00 PM<br>Parish of St. App. Philip and Jacob in \u017bory<\/h3>\t\t\t\t<\/div>\n\t\t\t\t<\/div>\n\t\t\t\t<div class=\"elementor-element elementor-element-78818b7 elementor-widget__width-initial elementor-widget elementor-widget-image\" data-id=\"78818b7\" data-element_type=\"widget\" data-e-type=\"widget\" data-widget_type=\"image.default\">\n\t\t\t\t<div class=\"elementor-widget-container\">\n\t\t\t\t\t\t\t\t\t\t\t\t\t\t\t\t<a href=\"https:\/\/pasyjne.zory.pl\/wp-content\/uploads\/2026\/01\/Beata-Vymlatilova.jpeg\" data-elementor-open-lightbox=\"yes\" data-elementor-lightbox-title=\"Beata Vymlatilova\" data-e-action-hash=\"#elementor-action%3Aaction%3Dlightbox%26settings%3DeyJpZCI6MTY0MCwidXJsIjoiaHR0cHM6XC9cL3Bhc3lqbmUuem9yeS5wbFwvd3AtY29udGVudFwvdXBsb2Fkc1wvMjAyNlwvMDFcL0JlYXRhLVZ5bWxhdGlsb3ZhLmpwZWcifQ%3D%3D\">\n\t\t\t\t\t\t\t<img fetchpriority=\"high\" decoding=\"async\" width=\"917\" height=\"1280\" src=\"https:\/\/pasyjne.zory.pl\/wp-content\/uploads\/2026\/01\/Beata-Vymlatilova.jpeg\" class=\"attachment-full size-full wp-image-1640\" alt=\"\" srcset=\"https:\/\/pasyjne.zory.pl\/wp-content\/uploads\/2026\/01\/Beata-Vymlatilova.jpeg 917w, https:\/\/pasyjne.zory.pl\/wp-content\/uploads\/2026\/01\/Beata-Vymlatilova-215x300.jpeg 215w, https:\/\/pasyjne.zory.pl\/wp-content\/uploads\/2026\/01\/Beata-Vymlatilova-734x1024.jpeg 734w, https:\/\/pasyjne.zory.pl\/wp-content\/uploads\/2026\/01\/Beata-Vymlatilova-768x1072.jpeg 768w\" sizes=\"(max-width: 917px) 100vw, 917px\" \/>\t\t\t\t\t\t\t\t<\/a>\n\t\t\t\t\t\t\t\t\t\t\t\t\t\t\t<\/div>\n\t\t\t\t<\/div>\n\t\t\t\t<div class=\"elementor-element elementor-element-27a1891 elementor-widget elementor-widget-text-editor\" data-id=\"27a1891\" data-element_type=\"widget\" data-e-type=\"widget\" data-widget_type=\"text-editor.default\">\n\t\t\t\t<div class=\"elementor-widget-container\">\n\t\t\t\t\t\t\t\t\t<p>Be\u00e1ta Vyml\u00e1tilov\u00e1 is a coloratura soprano from Krom\u011b\u0159\u00ed\u017e and a current second- year student of Historical Singing at the Department of Historical Interpretation at the Jan\u00e1\u010dek Academy of Music and Performing Arts in Brno, in the class of Irena Troupov\u00e1, M.A. She graduated from the Archbishop\u2019s Grammar School in Krom\u011b\u0159\u00ed\u017e, and in 2024, she completed her studies at the Conservatory of the Evangelical Academy in Olomouc and her bachelor\u2019s degree in art studies at the Faculty of Philosophy of Palacky\u0301 University.<\/p><p>She has successfully competed in numerous vocal competitions. Her most notable achievements include first place and the title of laureate at the Pro Bohemia Ostrava International Competition, reaching the finals of the prestigious Mikul\u00e1\u0161 Schneider-Trnavsky\u0301 International Competition in Trnava, and first place at the Prague P\u011bvec Competition.<\/p><p>Her recent significant performances include a concert performance of Act I of G. Verdi\u2019s La Traviata in the role of Violetta Val\u00e9ry with the \u010cVUT Orchestra under the direction of a young conductor Markus Flodin, and a concert in collaboration with the Czech Virtuosi ensemble under the direction of Petr \u0160umn\u00edk.<\/p><p>In January and April 2025, she had the opportunity to appear as a soloist with the WBB Orchestra in Bydgoszcz, Wroc\u0142aw, and Brno, performing J.S. Bach\u2019s solo cantata Weichet nur, betru\u0308bte Schatten, BWV 202. Under the baton of maestro Federico Sardelli, she sang the role of Maria in A. Scarlatti\u2019s oratorio La Santissima Annunziata in Bologna, as part of the Scarlatti BIP program, organized to mark the 300th anniversary of A. Scarlatti\u2019s death.<\/p><p>She particularly values her participation in the prestigious Baroque Vocal Academy 2025 program, organized by the Mainz University of Music. During this three-week, intensive program devoted to the music of J. S. Bach and A. Scarlatti, culminating in a semi-staged performance of Handel\u2019s opera Ariodante (in the role of Ginevra), she collaborated with conductors Gotthold Schwarz, Alessandro de Marchi, and Paul Goodwin. She continually expands her skills by participating in numerous master classes thanks to which she has performed with Kate\u0159ina Kn\u011b\u017e\u00edkov\u00e1, Dagmar \u0160a\u0161kov\u00e1, Andreas Scholl, Maestro Antonio Carangel, Ji\u0159ina and Zuzana Markovy\u0301, Franz Hawlata, Maestro Paolo De Napoli, Maestro Gianluca Belfiori, Daniela Fally, retired soloist of the Vienna State Opera, Elisabeth Scholl, Hann Mu\u0308ller-Brachmann, Debora York, Marcel Boon, and Chantal Santon Jeffery. Besides early and bel canto music, she also works with contemporary music. In September, she had the honor of performing J. Zorn\u2019s Chimeras with the Brno Contemporary Orchestra, which specializes in contemporary music.<\/p>\t\t\t\t\t\t\t\t<\/div>\n\t\t\t\t<\/div>\n\t\t\t\t<div class=\"elementor-element elementor-element-1ef2c44 elementor-widget elementor-widget-image\" data-id=\"1ef2c44\" data-element_type=\"widget\" data-e-type=\"widget\" data-widget_type=\"image.default\">\n\t\t\t\t<div class=\"elementor-widget-container\">\n\t\t\t\t\t\t\t\t\t\t\t\t\t\t\t\t<a href=\"https:\/\/pasyjne.zory.pl\/wp-content\/uploads\/2026\/01\/Petra-Benova-.jpg\" data-elementor-open-lightbox=\"yes\" data-elementor-lightbox-title=\"Petra Benova\" data-e-action-hash=\"#elementor-action%3Aaction%3Dlightbox%26settings%3DeyJpZCI6MTYzOSwidXJsIjoiaHR0cHM6XC9cL3Bhc3lqbmUuem9yeS5wbFwvd3AtY29udGVudFwvdXBsb2Fkc1wvMjAyNlwvMDFcL1BldHJhLUJlbm92YS0uanBnIn0%3D\">\n\t\t\t\t\t\t\t<img decoding=\"async\" width=\"1005\" height=\"1280\" src=\"https:\/\/pasyjne.zory.pl\/wp-content\/uploads\/2026\/01\/Petra-Benova-.jpg\" class=\"attachment-full size-full wp-image-1639\" alt=\"\" srcset=\"https:\/\/pasyjne.zory.pl\/wp-content\/uploads\/2026\/01\/Petra-Benova-.jpg 1005w, https:\/\/pasyjne.zory.pl\/wp-content\/uploads\/2026\/01\/Petra-Benova--236x300.jpg 236w, https:\/\/pasyjne.zory.pl\/wp-content\/uploads\/2026\/01\/Petra-Benova--804x1024.jpg 804w, https:\/\/pasyjne.zory.pl\/wp-content\/uploads\/2026\/01\/Petra-Benova--768x978.jpg 768w\" sizes=\"(max-width: 1005px) 100vw, 1005px\" \/>\t\t\t\t\t\t\t\t<\/a>\n\t\t\t\t\t\t\t\t\t\t\t\t\t\t\t<\/div>\n\t\t\t\t<\/div>\n\t\t\t\t<div class=\"elementor-element elementor-element-38a5eb8 elementor-widget elementor-widget-text-editor\" data-id=\"38a5eb8\" data-element_type=\"widget\" data-e-type=\"widget\" data-widget_type=\"text-editor.default\">\n\t\t\t\t<div class=\"elementor-widget-container\">\n\t\t\t\t\t\t\t\t\t<p>Petra Be\u0148ov\u00e1 \u2013 mezzo-soprano. She comes from Volica in the Medzilaborce district of Slovakia. She initially received her vocal training at the Ko\u0161ice Conservatory and then graduated from the Leo\u0161 Jan\u00e1\u010dek Conservatory in Ostrava under the supervision of Marianna Pill\u00e1rov\u00e1. She is currently a singing student in the class of Professor El\u017cbieta Grodzka-\u0141opuszy\u0144ska at the Karol Szymanowski Academy of Music in Katowice.<\/p><p>Even during her studies, she gained valuable stage experience, performing operatic roles such as the Foreign Princess in A. Dvo\u0159\u00e1k\u2019s Rusalka and the Second Lady in H. Purcell\u2019s Dido and Aeneas. In 2022\u20132023, she honed her skills in master classes led by Roman Jan\u00e1l, soloist at the National Theatre in Prague.<\/p><p>In 2024, she made her debut at the Silesian Opera in Bytom as La Badessa in G. Puccini\u2019s Suor Angelica, under the direction of renowned director Micha\u0142 Znaniecki and conductor Jerzy Dyba\u0142a.<\/p><p>The year 2025 brought her a number of significant artistic achievements. As a soloist, she performed with the Academic Baroque Orchestra, singing the alto part in J.S. Bach\u2019s Was Gott tut, das ist wohlgetan BWV 99, conducted by Marek Pilch. That same year, she achieved significant success at the international singing competition Pra\u017esky\u0301 p\u011bvec, winning second prize in a fierce competition among young vocalists.<\/p><p>This season, she is preparing the role of the Second Lady in W.A. Mozart\u2019s The Magic Flute, which will mark her debut at the Silesian Theatre in Opava.<\/p>\t\t\t\t\t\t\t\t<\/div>\n\t\t\t\t<\/div>\n\t\t\t\t<div class=\"elementor-element elementor-element-bca58c3 elementor-widget elementor-widget-image\" data-id=\"bca58c3\" data-element_type=\"widget\" data-e-type=\"widget\" data-widget_type=\"image.default\">\n\t\t\t\t<div class=\"elementor-widget-container\">\n\t\t\t\t\t\t\t\t\t\t\t\t\t\t\t\t<a href=\"https:\/\/pasyjne.zory.pl\/wp-content\/uploads\/2026\/01\/Lukasz-Wilga.jpg\" data-elementor-open-lightbox=\"yes\" data-elementor-lightbox-title=\"\u0141ukasz Wilga\" data-e-action-hash=\"#elementor-action%3Aaction%3Dlightbox%26settings%3DeyJpZCI6MTY0MSwidXJsIjoiaHR0cHM6XC9cL3Bhc3lqbmUuem9yeS5wbFwvd3AtY29udGVudFwvdXBsb2Fkc1wvMjAyNlwvMDFcL0x1a2Fzei1XaWxnYS5qcGcifQ%3D%3D\">\n\t\t\t\t\t\t\t<img decoding=\"async\" width=\"480\" height=\"480\" src=\"https:\/\/pasyjne.zory.pl\/wp-content\/uploads\/2026\/01\/Lukasz-Wilga.jpg\" class=\"attachment-full size-full wp-image-1641\" alt=\"\" srcset=\"https:\/\/pasyjne.zory.pl\/wp-content\/uploads\/2026\/01\/Lukasz-Wilga.jpg 480w, https:\/\/pasyjne.zory.pl\/wp-content\/uploads\/2026\/01\/Lukasz-Wilga-300x300.jpg 300w, https:\/\/pasyjne.zory.pl\/wp-content\/uploads\/2026\/01\/Lukasz-Wilga-150x150.jpg 150w\" sizes=\"(max-width: 480px) 100vw, 480px\" \/>\t\t\t\t\t\t\t\t<\/a>\n\t\t\t\t\t\t\t\t\t\t\t\t\t\t\t<\/div>\n\t\t\t\t<\/div>\n\t\t\t\t<div class=\"elementor-element elementor-element-cd35304 elementor-widget elementor-widget-text-editor\" data-id=\"cd35304\" data-element_type=\"widget\" data-e-type=\"widget\" data-widget_type=\"text-editor.default\">\n\t\t\t\t<div class=\"elementor-widget-container\">\n\t\t\t\t\t\t\t\t\t<p>\u0141ukasz Wilga was born on February 6, 1992 in Bytom. He graduated from the Fryderyk Chopin Primary and Secondary School of Music in Bytom, where he studied piano under the supervision of Agnieszka Kulikow-\u015awita\u0142a. In 2011, he began his studies at the Karol Szymanowski Academy of Music in Katowice, majoring in instrumental studies, in the piano class of Prof. Wojciech \u015awita\u0142a. In 2014, he obtained his bachelor\u2019s degree, and in 2016, his master\u2019s degree with distinction.<\/p><p>In 2019, he completed his doctoral studies at the Academy of Music in Katowice, where he studied piano under the supervision of Prof. Wojciech \u015awita\u0142a, and in 2022, he received his doctorate. Since 2016, he has been teaching at the Faculty of Vocal and Acting at the Academy of Music in Katowice, specializing in piano and tutoring. In 2021, he began postgraduate studies in the class of Prof. Zbigniew Raubo.<\/p><p>Throughout his musical education, he participated in numerous national and international competitions, winning awards and distinctions. He honed his skills in piano workshops under the guidance of distinguished pianists such as Andrzej Jasi\u0144ski, Jerzy Sterczy\u0144ski, Philippe Giusiano, Anna Malikova, Wojciech Kocyan. He has performed with the Silesian Philharmonic Orchestra under conductors such as Miros\u0142aw Jacek B\u0142aszczyk and Massimiliano Caldi, as well as with academic orchestras led by Szymon Bywalec, Micha\u0142 Klauza, and Krzesimir D\u0119bski.<\/p>\t\t\t\t\t\t\t\t<\/div>\n\t\t\t\t<\/div>\n\t\t\t\t\t<\/div>\n\t\t\t\t<\/div>\n\t\t\t\t<\/div>\n\t\t","protected":false},"excerpt":{"rendered":"<p>Be\u00e1ta Vyml\u00e1tilov\u00e1, Petra Benov\u00e1, \u0141ukasz Wilga \u2013 soloists 21st March 2026 r. \/ at 6:00 PMParish of St. App. Philip and Jacob in \u017bory Be\u00e1ta Vyml\u00e1tilov\u00e1 is a coloratura soprano from Krom\u011b\u0159\u00ed\u017e and a current second- year student of Historical Singing at the Department of Historical Interpretation at the Jan\u00e1\u010dek Academy of Music and Performing [&hellip;]<\/p>\n","protected":false},"author":1,"featured_media":0,"parent":426,"menu_order":0,"comment_status":"closed","ping_status":"closed","template":"","meta":{"footnotes":""},"class_list":["post-1805","page","type-page","status-publish","hentry"],"yoast_head":"<!-- This site is optimized with the Yoast SEO plugin v27.5 - https:\/\/yoast.com\/product\/yoast-seo-wordpress\/ -->\n<title>Be\u00e1ta Vyml\u00e1tilov\u00e1, Petra Benov\u00e1, \u0141ukasz Wilga \u2013 soloists - Mi\u0119dzynarodowy Ekumeniczny Koncert Muzyki Pokutnej i Pasyjnej w \u017borach<\/title>\n<meta name=\"robots\" content=\"index, follow, max-snippet:-1, max-image-preview:large, max-video-preview:-1\" \/>\n<link rel=\"canonical\" href=\"https:\/\/pasyjne.zory.pl\/en\/choirs\/beata-vymlatilova-petra-benova-lukasz-wilga-soloists\/\" \/>\n<meta property=\"og:locale\" content=\"en_US\" \/>\n<meta property=\"og:type\" content=\"article\" \/>\n<meta property=\"og:title\" content=\"Be\u00e1ta Vyml\u00e1tilov\u00e1, Petra Benov\u00e1, \u0141ukasz Wilga \u2013 soloists - Mi\u0119dzynarodowy Ekumeniczny Koncert Muzyki Pokutnej i Pasyjnej w \u017borach\" \/>\n<meta property=\"og:description\" content=\"Be\u00e1ta Vyml\u00e1tilov\u00e1, Petra Benov\u00e1, \u0141ukasz Wilga \u2013 soloists 21st March 2026 r. \/ at 6:00 PMParish of St. App. Philip and Jacob in \u017bory Be\u00e1ta Vyml\u00e1tilov\u00e1 is a coloratura soprano from Krom\u011b\u0159\u00ed\u017e and a current second- year student of Historical Singing at the Department of Historical Interpretation at the Jan\u00e1\u010dek Academy of Music and Performing [&hellip;]\" \/>\n<meta property=\"og:url\" content=\"https:\/\/pasyjne.zory.pl\/en\/choirs\/beata-vymlatilova-petra-benova-lukasz-wilga-soloists\/\" \/>\n<meta property=\"og:site_name\" content=\"Mi\u0119dzynarodowy Ekumeniczny Koncert Muzyki Pokutnej i Pasyjnej w \u017borach\" \/>\n<meta property=\"article:modified_time\" content=\"2026-03-04T18:56:08+00:00\" \/>\n<meta property=\"og:image\" content=\"https:\/\/pasyjne.zory.pl\/wp-content\/uploads\/2026\/01\/Beata-Vymlatilova.jpeg\" \/>\n\t<meta property=\"og:image:width\" content=\"917\" \/>\n\t<meta property=\"og:image:height\" content=\"1280\" \/>\n\t<meta property=\"og:image:type\" content=\"image\/jpeg\" \/>\n<meta name=\"twitter:card\" content=\"summary_large_image\" \/>\n<meta name=\"twitter:label1\" content=\"Est. reading time\" \/>\n\t<meta name=\"twitter:data1\" content=\"5 minutes\" \/>\n<script type=\"application\/ld+json\" class=\"yoast-schema-graph\">{\"@context\":\"https:\\\/\\\/schema.org\",\"@graph\":[{\"@type\":\"WebPage\",\"@id\":\"https:\\\/\\\/pasyjne.zory.pl\\\/en\\\/choirs\\\/beata-vymlatilova-petra-benova-lukasz-wilga-soloists\\\/\",\"url\":\"https:\\\/\\\/pasyjne.zory.pl\\\/en\\\/choirs\\\/beata-vymlatilova-petra-benova-lukasz-wilga-soloists\\\/\",\"name\":\"Be\u00e1ta Vyml\u00e1tilov\u00e1, Petra Benov\u00e1, \u0141ukasz Wilga \u2013 soloists - Mi\u0119dzynarodowy Ekumeniczny Koncert Muzyki Pokutnej i Pasyjnej w \u017borach\",\"isPartOf\":{\"@id\":\"https:\\\/\\\/pasyjne.zory.pl\\\/#website\"},\"primaryImageOfPage\":{\"@id\":\"https:\\\/\\\/pasyjne.zory.pl\\\/en\\\/choirs\\\/beata-vymlatilova-petra-benova-lukasz-wilga-soloists\\\/#primaryimage\"},\"image\":{\"@id\":\"https:\\\/\\\/pasyjne.zory.pl\\\/en\\\/choirs\\\/beata-vymlatilova-petra-benova-lukasz-wilga-soloists\\\/#primaryimage\"},\"thumbnailUrl\":\"https:\\\/\\\/pasyjne.zory.pl\\\/wp-content\\\/uploads\\\/2026\\\/01\\\/Beata-Vymlatilova.jpeg\",\"datePublished\":\"2026-01-28T09:10:45+00:00\",\"dateModified\":\"2026-03-04T18:56:08+00:00\",\"breadcrumb\":{\"@id\":\"https:\\\/\\\/pasyjne.zory.pl\\\/en\\\/choirs\\\/beata-vymlatilova-petra-benova-lukasz-wilga-soloists\\\/#breadcrumb\"},\"inLanguage\":\"en-US\",\"potentialAction\":[{\"@type\":\"ReadAction\",\"target\":[\"https:\\\/\\\/pasyjne.zory.pl\\\/en\\\/choirs\\\/beata-vymlatilova-petra-benova-lukasz-wilga-soloists\\\/\"]}]},{\"@type\":\"ImageObject\",\"inLanguage\":\"en-US\",\"@id\":\"https:\\\/\\\/pasyjne.zory.pl\\\/en\\\/choirs\\\/beata-vymlatilova-petra-benova-lukasz-wilga-soloists\\\/#primaryimage\",\"url\":\"https:\\\/\\\/pasyjne.zory.pl\\\/wp-content\\\/uploads\\\/2026\\\/01\\\/Beata-Vymlatilova.jpeg\",\"contentUrl\":\"https:\\\/\\\/pasyjne.zory.pl\\\/wp-content\\\/uploads\\\/2026\\\/01\\\/Beata-Vymlatilova.jpeg\"},{\"@type\":\"BreadcrumbList\",\"@id\":\"https:\\\/\\\/pasyjne.zory.pl\\\/en\\\/choirs\\\/beata-vymlatilova-petra-benova-lukasz-wilga-soloists\\\/#breadcrumb\",\"itemListElement\":[{\"@type\":\"ListItem\",\"position\":1,\"name\":\"Strona g\u0142\u00f3wna\",\"item\":\"https:\\\/\\\/pasyjne.zory.pl\\\/en\\\/\"},{\"@type\":\"ListItem\",\"position\":2,\"name\":\"Choirs\",\"item\":\"https:\\\/\\\/pasyjne.zory.pl\\\/en\\\/choirs\\\/\"},{\"@type\":\"ListItem\",\"position\":3,\"name\":\"Be\u00e1ta Vyml\u00e1tilov\u00e1, Petra Benov\u00e1, \u0141ukasz Wilga \u2013 soloists\"}]},{\"@type\":\"WebSite\",\"@id\":\"https:\\\/\\\/pasyjne.zory.pl\\\/#website\",\"url\":\"https:\\\/\\\/pasyjne.zory.pl\\\/\",\"name\":\"Mi\u0119dzynarodowy Ekumeniczny Koncert Muzyki Pokutnej i Pasyjnej w \u017borach\",\"description\":\"\",\"publisher\":{\"@id\":\"https:\\\/\\\/pasyjne.zory.pl\\\/#organization\"},\"potentialAction\":[{\"@type\":\"SearchAction\",\"target\":{\"@type\":\"EntryPoint\",\"urlTemplate\":\"https:\\\/\\\/pasyjne.zory.pl\\\/?s={search_term_string}\"},\"query-input\":{\"@type\":\"PropertyValueSpecification\",\"valueRequired\":true,\"valueName\":\"search_term_string\"}}],\"inLanguage\":\"en-US\"},{\"@type\":\"Organization\",\"@id\":\"https:\\\/\\\/pasyjne.zory.pl\\\/#organization\",\"name\":\"Mi\u0119dzynarodowy Ekumeniczny Koncert Muzyki Pokutnej i Pasyjnej w \u017borach\",\"url\":\"https:\\\/\\\/pasyjne.zory.pl\\\/\",\"logo\":{\"@type\":\"ImageObject\",\"inLanguage\":\"en-US\",\"@id\":\"https:\\\/\\\/pasyjne.zory.pl\\\/#\\\/schema\\\/logo\\\/image\\\/\",\"url\":\"https:\\\/\\\/pasyjne.zory.pl\\\/wp-content\\\/uploads\\\/2024\\\/02\\\/logo.png\",\"contentUrl\":\"https:\\\/\\\/pasyjne.zory.pl\\\/wp-content\\\/uploads\\\/2024\\\/02\\\/logo.png\",\"width\":1000,\"height\":1000,\"caption\":\"Mi\u0119dzynarodowy Ekumeniczny Koncert Muzyki Pokutnej i Pasyjnej w \u017borach\"},\"image\":{\"@id\":\"https:\\\/\\\/pasyjne.zory.pl\\\/#\\\/schema\\\/logo\\\/image\\\/\"}}]}<\/script>\n<!-- \/ Yoast SEO plugin. -->","yoast_head_json":{"title":"Be\u00e1ta Vyml\u00e1tilov\u00e1, Petra Benov\u00e1, \u0141ukasz Wilga \u2013 soloists - Mi\u0119dzynarodowy Ekumeniczny Koncert Muzyki Pokutnej i Pasyjnej w \u017borach","robots":{"index":"index","follow":"follow","max-snippet":"max-snippet:-1","max-image-preview":"max-image-preview:large","max-video-preview":"max-video-preview:-1"},"canonical":"https:\/\/pasyjne.zory.pl\/en\/choirs\/beata-vymlatilova-petra-benova-lukasz-wilga-soloists\/","og_locale":"en_US","og_type":"article","og_title":"Be\u00e1ta Vyml\u00e1tilov\u00e1, Petra Benov\u00e1, \u0141ukasz Wilga \u2013 soloists - Mi\u0119dzynarodowy Ekumeniczny Koncert Muzyki Pokutnej i Pasyjnej w \u017borach","og_description":"Be\u00e1ta Vyml\u00e1tilov\u00e1, Petra Benov\u00e1, \u0141ukasz Wilga \u2013 soloists 21st March 2026 r. \/ at 6:00 PMParish of St. App. Philip and Jacob in \u017bory Be\u00e1ta Vyml\u00e1tilov\u00e1 is a coloratura soprano from Krom\u011b\u0159\u00ed\u017e and a current second- year student of Historical Singing at the Department of Historical Interpretation at the Jan\u00e1\u010dek Academy of Music and Performing [&hellip;]","og_url":"https:\/\/pasyjne.zory.pl\/en\/choirs\/beata-vymlatilova-petra-benova-lukasz-wilga-soloists\/","og_site_name":"Mi\u0119dzynarodowy Ekumeniczny Koncert Muzyki Pokutnej i Pasyjnej w \u017borach","article_modified_time":"2026-03-04T18:56:08+00:00","og_image":[{"width":917,"height":1280,"url":"https:\/\/pasyjne.zory.pl\/wp-content\/uploads\/2026\/01\/Beata-Vymlatilova.jpeg","type":"image\/jpeg"}],"twitter_card":"summary_large_image","twitter_misc":{"Est. reading time":"5 minutes"},"schema":{"@context":"https:\/\/schema.org","@graph":[{"@type":"WebPage","@id":"https:\/\/pasyjne.zory.pl\/en\/choirs\/beata-vymlatilova-petra-benova-lukasz-wilga-soloists\/","url":"https:\/\/pasyjne.zory.pl\/en\/choirs\/beata-vymlatilova-petra-benova-lukasz-wilga-soloists\/","name":"Be\u00e1ta Vyml\u00e1tilov\u00e1, Petra Benov\u00e1, \u0141ukasz Wilga \u2013 soloists - Mi\u0119dzynarodowy Ekumeniczny Koncert Muzyki Pokutnej i Pasyjnej w \u017borach","isPartOf":{"@id":"https:\/\/pasyjne.zory.pl\/#website"},"primaryImageOfPage":{"@id":"https:\/\/pasyjne.zory.pl\/en\/choirs\/beata-vymlatilova-petra-benova-lukasz-wilga-soloists\/#primaryimage"},"image":{"@id":"https:\/\/pasyjne.zory.pl\/en\/choirs\/beata-vymlatilova-petra-benova-lukasz-wilga-soloists\/#primaryimage"},"thumbnailUrl":"https:\/\/pasyjne.zory.pl\/wp-content\/uploads\/2026\/01\/Beata-Vymlatilova.jpeg","datePublished":"2026-01-28T09:10:45+00:00","dateModified":"2026-03-04T18:56:08+00:00","breadcrumb":{"@id":"https:\/\/pasyjne.zory.pl\/en\/choirs\/beata-vymlatilova-petra-benova-lukasz-wilga-soloists\/#breadcrumb"},"inLanguage":"en-US","potentialAction":[{"@type":"ReadAction","target":["https:\/\/pasyjne.zory.pl\/en\/choirs\/beata-vymlatilova-petra-benova-lukasz-wilga-soloists\/"]}]},{"@type":"ImageObject","inLanguage":"en-US","@id":"https:\/\/pasyjne.zory.pl\/en\/choirs\/beata-vymlatilova-petra-benova-lukasz-wilga-soloists\/#primaryimage","url":"https:\/\/pasyjne.zory.pl\/wp-content\/uploads\/2026\/01\/Beata-Vymlatilova.jpeg","contentUrl":"https:\/\/pasyjne.zory.pl\/wp-content\/uploads\/2026\/01\/Beata-Vymlatilova.jpeg"},{"@type":"BreadcrumbList","@id":"https:\/\/pasyjne.zory.pl\/en\/choirs\/beata-vymlatilova-petra-benova-lukasz-wilga-soloists\/#breadcrumb","itemListElement":[{"@type":"ListItem","position":1,"name":"Strona g\u0142\u00f3wna","item":"https:\/\/pasyjne.zory.pl\/en\/"},{"@type":"ListItem","position":2,"name":"Choirs","item":"https:\/\/pasyjne.zory.pl\/en\/choirs\/"},{"@type":"ListItem","position":3,"name":"Be\u00e1ta Vyml\u00e1tilov\u00e1, Petra Benov\u00e1, \u0141ukasz Wilga \u2013 soloists"}]},{"@type":"WebSite","@id":"https:\/\/pasyjne.zory.pl\/#website","url":"https:\/\/pasyjne.zory.pl\/","name":"Mi\u0119dzynarodowy Ekumeniczny Koncert Muzyki Pokutnej i Pasyjnej w \u017borach","description":"","publisher":{"@id":"https:\/\/pasyjne.zory.pl\/#organization"},"potentialAction":[{"@type":"SearchAction","target":{"@type":"EntryPoint","urlTemplate":"https:\/\/pasyjne.zory.pl\/?s={search_term_string}"},"query-input":{"@type":"PropertyValueSpecification","valueRequired":true,"valueName":"search_term_string"}}],"inLanguage":"en-US"},{"@type":"Organization","@id":"https:\/\/pasyjne.zory.pl\/#organization","name":"Mi\u0119dzynarodowy Ekumeniczny Koncert Muzyki Pokutnej i Pasyjnej w \u017borach","url":"https:\/\/pasyjne.zory.pl\/","logo":{"@type":"ImageObject","inLanguage":"en-US","@id":"https:\/\/pasyjne.zory.pl\/#\/schema\/logo\/image\/","url":"https:\/\/pasyjne.zory.pl\/wp-content\/uploads\/2024\/02\/logo.png","contentUrl":"https:\/\/pasyjne.zory.pl\/wp-content\/uploads\/2024\/02\/logo.png","width":1000,"height":1000,"caption":"Mi\u0119dzynarodowy Ekumeniczny Koncert Muzyki Pokutnej i Pasyjnej w \u017borach"},"image":{"@id":"https:\/\/pasyjne.zory.pl\/#\/schema\/logo\/image\/"}}]}},"_links":{"self":[{"href":"https:\/\/pasyjne.zory.pl\/en\/wp-json\/wp\/v2\/pages\/1805","targetHints":{"allow":["GET"]}}],"collection":[{"href":"https:\/\/pasyjne.zory.pl\/en\/wp-json\/wp\/v2\/pages"}],"about":[{"href":"https:\/\/pasyjne.zory.pl\/en\/wp-json\/wp\/v2\/types\/page"}],"author":[{"embeddable":true,"href":"https:\/\/pasyjne.zory.pl\/en\/wp-json\/wp\/v2\/users\/1"}],"replies":[{"embeddable":true,"href":"https:\/\/pasyjne.zory.pl\/en\/wp-json\/wp\/v2\/comments?post=1805"}],"version-history":[{"count":5,"href":"https:\/\/pasyjne.zory.pl\/en\/wp-json\/wp\/v2\/pages\/1805\/revisions"}],"predecessor-version":[{"id":1883,"href":"https:\/\/pasyjne.zory.pl\/en\/wp-json\/wp\/v2\/pages\/1805\/revisions\/1883"}],"up":[{"embeddable":true,"href":"https:\/\/pasyjne.zory.pl\/en\/wp-json\/wp\/v2\/pages\/426"}],"wp:attachment":[{"href":"https:\/\/pasyjne.zory.pl\/en\/wp-json\/wp\/v2\/media?parent=1805"}],"curies":[{"name":"wp","href":"https:\/\/api.w.org\/{rel}","templated":true}]}}