{"id":509,"date":"2024-02-28T16:02:27","date_gmt":"2024-02-28T16:02:27","guid":{"rendered":"https:\/\/tender-bouman.46-242-128-94.plesk.page\/?page_id=509"},"modified":"2025-01-03T21:59:38","modified_gmt":"2025-01-03T21:59:38","slug":"the-canticum-novum-choir","status":"publish","type":"page","link":"https:\/\/pasyjne.zory.pl\/en\/choirs\/the-canticum-novum-choir\/","title":{"rendered":"2024 The Canticum Novum Choir"},"content":{"rendered":"\t\t<div data-elementor-type=\"wp-page\" data-elementor-id=\"509\" class=\"elementor elementor-509 elementor-480\" data-elementor-post-type=\"page\">\n\t\t\t\t<div class=\"elementor-element elementor-element-9d22107 e-flex e-con-boxed e-con e-parent\" data-id=\"9d22107\" data-element_type=\"container\" data-e-type=\"container\">\n\t\t\t\t\t<div class=\"e-con-inner\">\n\t\t<div class=\"elementor-element elementor-element-a8e9f93 e-grid e-con-boxed e-con e-child\" data-id=\"a8e9f93\" data-element_type=\"container\" data-e-type=\"container\">\n\t\t\t\t\t<div class=\"e-con-inner\">\n\t\t<div class=\"elementor-element elementor-element-128c792 e-flex e-con-boxed e-con e-child\" data-id=\"128c792\" data-element_type=\"container\" data-e-type=\"container\">\n\t\t\t\t\t<div class=\"e-con-inner\">\n\t\t\t\t<div class=\"elementor-element elementor-element-2e83659 elementor-widget elementor-widget-image\" data-id=\"2e83659\" data-element_type=\"widget\" data-e-type=\"widget\" data-widget_type=\"image.default\">\n\t\t\t\t<div class=\"elementor-widget-container\">\n\t\t\t\t\t\t\t\t\t\t\t\t\t\t\t\t<a href=\"https:\/\/pasyjne.zory.pl\/wp-content\/uploads\/2024\/02\/chor-suszec.jpg\" data-elementor-open-lightbox=\"yes\" data-elementor-lightbox-title=\"chor-suszec\" data-e-action-hash=\"#elementor-action%3Aaction%3Dlightbox%26settings%3DeyJpZCI6MTUxLCJ1cmwiOiJodHRwczpcL1wvcGFzeWpuZS56b3J5LnBsXC93cC1jb250ZW50XC91cGxvYWRzXC8yMDI0XC8wMlwvY2hvci1zdXN6ZWMuanBnIn0%3D\">\n\t\t\t\t\t\t\t<img fetchpriority=\"high\" decoding=\"async\" width=\"800\" height=\"500\" src=\"https:\/\/pasyjne.zory.pl\/wp-content\/uploads\/2024\/02\/chor-suszec.jpg\" class=\"attachment-full size-full wp-image-151\" alt=\"Ch\u00f3r &quot;Canticum Novum&quot; z Suszca\" srcset=\"https:\/\/pasyjne.zory.pl\/wp-content\/uploads\/2024\/02\/chor-suszec.jpg 800w, https:\/\/pasyjne.zory.pl\/wp-content\/uploads\/2024\/02\/chor-suszec-300x188.jpg 300w, https:\/\/pasyjne.zory.pl\/wp-content\/uploads\/2024\/02\/chor-suszec-768x480.jpg 768w\" sizes=\"(max-width: 800px) 100vw, 800px\" \/>\t\t\t\t\t\t\t\t<\/a>\n\t\t\t\t\t\t\t\t\t\t\t\t\t\t\t<\/div>\n\t\t\t\t<\/div>\n\t\t\t\t\t<\/div>\n\t\t\t\t<\/div>\n\t\t<div class=\"elementor-element elementor-element-8016984 e-flex e-con-boxed e-con e-child\" data-id=\"8016984\" data-element_type=\"container\" data-e-type=\"container\">\n\t\t\t\t\t<div class=\"e-con-inner\">\n\t\t\t\t<div class=\"elementor-element elementor-element-46b0d31 elementor-widget elementor-widget-heading\" data-id=\"46b0d31\" data-element_type=\"widget\" data-e-type=\"widget\" data-widget_type=\"heading.default\">\n\t\t\t\t<div class=\"elementor-widget-container\">\n\t\t\t\t\t<h1 class=\"elementor-heading-title elementor-size-default\">2024 The Canticum Novum Choir<\/h1>\t\t\t\t<\/div>\n\t\t\t\t<\/div>\n\t\t\t\t<div class=\"elementor-element elementor-element-5cbd95a elementor-widget elementor-widget-heading\" data-id=\"5cbd95a\" data-element_type=\"widget\" data-e-type=\"widget\" data-widget_type=\"heading.default\">\n\t\t\t\t<div class=\"elementor-widget-container\">\n\t\t\t\t\t<h3 class=\"elementor-heading-title elementor-size-default\">15 March 2024, 17:00, <br>parafia Ewangelicko-Augsuburska w \u017borach, ul. Osi\u0144ska 4<\/h3>\t\t\t\t<\/div>\n\t\t\t\t<\/div>\n\t\t\t\t\t<\/div>\n\t\t\t\t<\/div>\n\t\t\t\t\t<\/div>\n\t\t\t\t<\/div>\n\t\t\t\t<div class=\"elementor-element elementor-element-5b6a579 elementor-widget elementor-widget-text-editor\" data-id=\"5b6a579\" data-element_type=\"widget\" data-e-type=\"widget\" data-widget_type=\"text-editor.default\">\n\t\t\t\t<div class=\"elementor-widget-container\">\n\t\t\t\t\t\t\t\t\t<p>The Cancum Novum choir is led by married couple Szymon and Barbara Cicho\u0144. The group connues the tradion of the Cancum schola and choir founded in 2002 at the St. Stanislaus Parish in Suszec. They have been acve in their current form since 2017, and are under the patronage of the Municipal Cultural Center in Suszec.<\/p><p>They have given concerts at the following music fesvals: Music in the Old Abbey in Rudy Raciborskie (2023), Wisla Cantat (2023), Fesval of Organ and Chamber Music in Koniecpol (2023), Toszek Fesval of Organ and Chamber Music in Toszek (2022), Night of Choirs at Wawel Cathedral in Cracow (2022), Tyskie Wieczory Kol\u0119dowe in Tychy (2020) Fide et Amore in \u017bory (2019), Musica da Chiesa in Pszczyna (2019).<\/p><p>They have also held a series of sacred concerts in France, including in Lyon and Saint\u00adEenne (2018), and as members of the Internaonal Federaon of Pueri Cantores Choirs they have given concerts in Barcelona (2018), Florence (2022), Rome (2023) and the Vacan (2024).<\/p><p>Among the most important compeon achievements in recent years are:<\/p><p>First place in the XXII Ma\u0142opolska Choral Song Review of Carols and Pastorals in Miech\u00f3w (2024)<br \/>First place in the 21st Ma\u0142opolska Choral Song Review of Carols and Pastorals in Miech\u00f3w (2023)<br \/>Golden Band and 1st place in the Naonal Choral Compeon as part of the 15th Silesian Magnificat<br \/>Festival of Choral Song in Bytom (2022) and a special award for best conductor Szymon Cicho\u0144<br \/>First place in the VII Internaonal Compeon of Carols and Pastorals in Rzesz\u00f3w (2020)<br \/>GRAND PRIX in the XXII Provincial Fesval of songs God is born in \u017bory (2018)<\/p><p><strong>Current activities in the media:<\/strong><\/p><p>Facebook: www.facebook.com\/chor.cancum<br \/>Instagram: www.instagram.com\/cancum_novum_suszec<br \/>You Tube: hps:\/\/www.youtube.com\/@cancumnovum2002<\/p>\t\t\t\t\t\t\t\t<\/div>\n\t\t\t\t<\/div>\n\t\t\t\t<div class=\"elementor-element elementor-element-bf52e4c elementor-widget elementor-widget-heading\" data-id=\"bf52e4c\" data-element_type=\"widget\" data-e-type=\"widget\" data-widget_type=\"heading.default\">\n\t\t\t\t<div class=\"elementor-widget-container\">\n\t\t\t\t\t<h2 class=\"elementor-heading-title elementor-size-default\">Conductor - Szymon Cicho\u0144<\/h2>\t\t\t\t<\/div>\n\t\t\t\t<\/div>\n\t\t\t\t<div class=\"elementor-element elementor-element-124ab76 elementor-widget elementor-widget-text-editor\" data-id=\"124ab76\" data-element_type=\"widget\" data-e-type=\"widget\" data-widget_type=\"text-editor.default\">\n\t\t\t\t<div class=\"elementor-widget-container\">\n\t\t\t\t\t\t\t\t\t<p>Organist, conductor and composer; graduate of the Diocesan Second Level Organist School in Gliwice and the Music Academy in Katowice in the conducng class of Prof. I. Melson (diploma with disncon). Long\u00adme chorister of Pueri Cantores Silesienses in Zabrze (2000\u00ad2013). From 2007 to 2017, conductor of the Cantores don Bosco choir at the Salesian Public School Complex in Zabrze. For a year, he served as the second conductor of the Choir\u00a0 of the University of Economics in Katowice (2015\u00ad2016). Since 2017, he has been creang a new quality of Cancum Novum.<\/p><p>He received the award for best conductor at the 11th and 13th Naonal Review of Church Choirs of Penitenal and Passion Song \u00ad Zory (2015, 2018), the XXVIII Tyskie Evenings of Carols (2019) and the Naonal Choral Compeon within the framework of the 15th Silesian Fesval of Choral Song Magnificat in Bytom (2022).<\/p><p>The main area of his composional work is sacred music. He has arrangements of the Mass cycle, church songs, carols and religious works for a cappella choir, choir accompanied by organ and choir accompanied by orchestra. He also has works for children&#8217;s choir.<\/p><p>His works and arrangements have been awarded at naonal choral compeons: Stabat Mater (XIII Naonal Review of Church Choirs of Penitenal and Passion Song \u00ad Zory 2018) and Gore gwiazda Jezusowi (XXVIII Naonal My\u015blenicki Fesval of Choral Song Carols and Pastorals).<\/p><p>His composions Fide et Amore for mixed choir (2019) and O orzchis ecclesia for mixed choir and organ (2020) received honorable menons at the 4th and 5th edions of the Internaonal Composer Compeon at the Fide et Amore Festival of Religious Creavity in Zory.<\/p><p>Since 2021 he has been a member of the Associaon of Polish Church Musicians and the Archdiocesan Sacred Music Commission in Katowice. He serves as organist at the parish of St. Stanislaus the Bishop and Martyr in Zory.<\/p><p><strong>Programme:<\/strong><\/p><p>Felice Anerio \u2013 Christus factus est<br \/>Francesco Durante \u2013 Per signum crucis<br \/>Henry Purcell \u2013 Miserere<br \/>Feliks Nowowiejski \u2013 Parce Domine<br \/>Krzysztof Niegowski \u2013 Duszo Chrystusowa<br \/>ks. Kazimierz Pasionek \u2013 In virtute crucis<br \/>Rihards Dubra \u2013 O crux ave<br \/>Szymon Cicho\u0144 \u2013 Stabat Mater<br \/>Gy\u00f6rgy De\u00e1k-B\u00e1rdos \u2013 Eli, Eli<\/p>\t\t\t\t\t\t\t\t<\/div>\n\t\t\t\t<\/div>\n\t\t\t\t\t<\/div>\n\t\t\t\t<\/div>\n\t\t\t\t<\/div>\n\t\t","protected":false},"excerpt":{"rendered":"<p>15 March 2024, 17:00, parafia Ewangelicko-Augsuburska w \u017borach, ul. Osi\u0144ska 4 The Cancum Novum choir is led by married couple Szymon and Barbara Cicho\u0144. The group connues the tradion of the Cancum schola and choir founded in 2002 at the St. Stanislaus Parish in Suszec. They have been acve in their current form since 2017, [&hellip;]<\/p>\n","protected":false},"author":1,"featured_media":0,"parent":426,"menu_order":0,"comment_status":"closed","ping_status":"closed","template":"","meta":{"footnotes":""},"class_list":["post-509","page","type-page","status-publish","hentry"],"yoast_head":"<!-- This site is optimized with the Yoast SEO plugin v27.4 - https:\/\/yoast.com\/product\/yoast-seo-wordpress\/ -->\n<title>2024 The Canticum Novum Choir - Mi\u0119dzynarodowy Ekumeniczny Koncert Muzyki Pokutnej i Pasyjnej w \u017borach<\/title>\n<meta name=\"robots\" content=\"index, follow, max-snippet:-1, max-image-preview:large, max-video-preview:-1\" \/>\n<link rel=\"canonical\" href=\"https:\/\/pasyjne.zory.pl\/en\/choirs\/the-canticum-novum-choir\/\" \/>\n<meta property=\"og:locale\" content=\"en_US\" \/>\n<meta property=\"og:type\" content=\"article\" \/>\n<meta property=\"og:title\" content=\"2024 The Canticum Novum Choir - Mi\u0119dzynarodowy Ekumeniczny Koncert Muzyki Pokutnej i Pasyjnej w \u017borach\" \/>\n<meta property=\"og:description\" content=\"15 March 2024, 17:00, parafia Ewangelicko-Augsuburska w \u017borach, ul. Osi\u0144ska 4 The Cancum Novum choir is led by married couple Szymon and Barbara Cicho\u0144. The group connues the tradion of the Cancum schola and choir founded in 2002 at the St. Stanislaus Parish in Suszec. They have been acve in their current form since 2017, [&hellip;]\" \/>\n<meta property=\"og:url\" content=\"https:\/\/pasyjne.zory.pl\/en\/choirs\/the-canticum-novum-choir\/\" \/>\n<meta property=\"og:site_name\" content=\"Mi\u0119dzynarodowy Ekumeniczny Koncert Muzyki Pokutnej i Pasyjnej w \u017borach\" \/>\n<meta property=\"article:modified_time\" content=\"2025-01-03T21:59:38+00:00\" \/>\n<meta property=\"og:image\" content=\"https:\/\/pasyjne.zory.pl\/wp-content\/uploads\/2024\/02\/chor-suszec.jpg\" \/>\n\t<meta property=\"og:image:width\" content=\"800\" \/>\n\t<meta property=\"og:image:height\" content=\"500\" \/>\n\t<meta property=\"og:image:type\" content=\"image\/jpeg\" \/>\n<meta name=\"twitter:card\" content=\"summary_large_image\" \/>\n<meta name=\"twitter:label1\" content=\"Est. reading time\" \/>\n\t<meta name=\"twitter:data1\" content=\"4 minutes\" \/>\n<script type=\"application\/ld+json\" class=\"yoast-schema-graph\">{\"@context\":\"https:\\\/\\\/schema.org\",\"@graph\":[{\"@type\":\"WebPage\",\"@id\":\"https:\\\/\\\/pasyjne.zory.pl\\\/en\\\/choirs\\\/the-canticum-novum-choir\\\/\",\"url\":\"https:\\\/\\\/pasyjne.zory.pl\\\/en\\\/choirs\\\/the-canticum-novum-choir\\\/\",\"name\":\"2024 The Canticum Novum Choir - Mi\u0119dzynarodowy Ekumeniczny Koncert Muzyki Pokutnej i Pasyjnej w \u017borach\",\"isPartOf\":{\"@id\":\"https:\\\/\\\/pasyjne.zory.pl\\\/#website\"},\"primaryImageOfPage\":{\"@id\":\"https:\\\/\\\/pasyjne.zory.pl\\\/en\\\/choirs\\\/the-canticum-novum-choir\\\/#primaryimage\"},\"image\":{\"@id\":\"https:\\\/\\\/pasyjne.zory.pl\\\/en\\\/choirs\\\/the-canticum-novum-choir\\\/#primaryimage\"},\"thumbnailUrl\":\"https:\\\/\\\/pasyjne.zory.pl\\\/wp-content\\\/uploads\\\/2024\\\/02\\\/chor-suszec.jpg\",\"datePublished\":\"2024-02-28T16:02:27+00:00\",\"dateModified\":\"2025-01-03T21:59:38+00:00\",\"breadcrumb\":{\"@id\":\"https:\\\/\\\/pasyjne.zory.pl\\\/en\\\/choirs\\\/the-canticum-novum-choir\\\/#breadcrumb\"},\"inLanguage\":\"en-US\",\"potentialAction\":[{\"@type\":\"ReadAction\",\"target\":[\"https:\\\/\\\/pasyjne.zory.pl\\\/en\\\/choirs\\\/the-canticum-novum-choir\\\/\"]}]},{\"@type\":\"ImageObject\",\"inLanguage\":\"en-US\",\"@id\":\"https:\\\/\\\/pasyjne.zory.pl\\\/en\\\/choirs\\\/the-canticum-novum-choir\\\/#primaryimage\",\"url\":\"https:\\\/\\\/pasyjne.zory.pl\\\/wp-content\\\/uploads\\\/2024\\\/02\\\/chor-suszec.jpg\",\"contentUrl\":\"https:\\\/\\\/pasyjne.zory.pl\\\/wp-content\\\/uploads\\\/2024\\\/02\\\/chor-suszec.jpg\"},{\"@type\":\"BreadcrumbList\",\"@id\":\"https:\\\/\\\/pasyjne.zory.pl\\\/en\\\/choirs\\\/the-canticum-novum-choir\\\/#breadcrumb\",\"itemListElement\":[{\"@type\":\"ListItem\",\"position\":1,\"name\":\"Strona g\u0142\u00f3wna\",\"item\":\"https:\\\/\\\/pasyjne.zory.pl\\\/en\\\/\"},{\"@type\":\"ListItem\",\"position\":2,\"name\":\"Choirs\",\"item\":\"https:\\\/\\\/pasyjne.zory.pl\\\/en\\\/choirs\\\/\"},{\"@type\":\"ListItem\",\"position\":3,\"name\":\"2024 The Canticum Novum Choir\"}]},{\"@type\":\"WebSite\",\"@id\":\"https:\\\/\\\/pasyjne.zory.pl\\\/#website\",\"url\":\"https:\\\/\\\/pasyjne.zory.pl\\\/\",\"name\":\"Mi\u0119dzynarodowy Ekumeniczny Koncert Muzyki Pokutnej i Pasyjnej w \u017borach\",\"description\":\"\",\"publisher\":{\"@id\":\"https:\\\/\\\/pasyjne.zory.pl\\\/#organization\"},\"potentialAction\":[{\"@type\":\"SearchAction\",\"target\":{\"@type\":\"EntryPoint\",\"urlTemplate\":\"https:\\\/\\\/pasyjne.zory.pl\\\/?s={search_term_string}\"},\"query-input\":{\"@type\":\"PropertyValueSpecification\",\"valueRequired\":true,\"valueName\":\"search_term_string\"}}],\"inLanguage\":\"en-US\"},{\"@type\":\"Organization\",\"@id\":\"https:\\\/\\\/pasyjne.zory.pl\\\/#organization\",\"name\":\"Mi\u0119dzynarodowy Ekumeniczny Koncert Muzyki Pokutnej i Pasyjnej w \u017borach\",\"url\":\"https:\\\/\\\/pasyjne.zory.pl\\\/\",\"logo\":{\"@type\":\"ImageObject\",\"inLanguage\":\"en-US\",\"@id\":\"https:\\\/\\\/pasyjne.zory.pl\\\/#\\\/schema\\\/logo\\\/image\\\/\",\"url\":\"https:\\\/\\\/pasyjne.zory.pl\\\/wp-content\\\/uploads\\\/2024\\\/02\\\/logo.png\",\"contentUrl\":\"https:\\\/\\\/pasyjne.zory.pl\\\/wp-content\\\/uploads\\\/2024\\\/02\\\/logo.png\",\"width\":1000,\"height\":1000,\"caption\":\"Mi\u0119dzynarodowy Ekumeniczny Koncert Muzyki Pokutnej i Pasyjnej w \u017borach\"},\"image\":{\"@id\":\"https:\\\/\\\/pasyjne.zory.pl\\\/#\\\/schema\\\/logo\\\/image\\\/\"}}]}<\/script>\n<!-- \/ Yoast SEO plugin. -->","yoast_head_json":{"title":"2024 The Canticum Novum Choir - Mi\u0119dzynarodowy Ekumeniczny Koncert Muzyki Pokutnej i Pasyjnej w \u017borach","robots":{"index":"index","follow":"follow","max-snippet":"max-snippet:-1","max-image-preview":"max-image-preview:large","max-video-preview":"max-video-preview:-1"},"canonical":"https:\/\/pasyjne.zory.pl\/en\/choirs\/the-canticum-novum-choir\/","og_locale":"en_US","og_type":"article","og_title":"2024 The Canticum Novum Choir - Mi\u0119dzynarodowy Ekumeniczny Koncert Muzyki Pokutnej i Pasyjnej w \u017borach","og_description":"15 March 2024, 17:00, parafia Ewangelicko-Augsuburska w \u017borach, ul. Osi\u0144ska 4 The Cancum Novum choir is led by married couple Szymon and Barbara Cicho\u0144. The group connues the tradion of the Cancum schola and choir founded in 2002 at the St. Stanislaus Parish in Suszec. They have been acve in their current form since 2017, [&hellip;]","og_url":"https:\/\/pasyjne.zory.pl\/en\/choirs\/the-canticum-novum-choir\/","og_site_name":"Mi\u0119dzynarodowy Ekumeniczny Koncert Muzyki Pokutnej i Pasyjnej w \u017borach","article_modified_time":"2025-01-03T21:59:38+00:00","og_image":[{"width":800,"height":500,"url":"https:\/\/pasyjne.zory.pl\/wp-content\/uploads\/2024\/02\/chor-suszec.jpg","type":"image\/jpeg"}],"twitter_card":"summary_large_image","twitter_misc":{"Est. reading time":"4 minutes"},"schema":{"@context":"https:\/\/schema.org","@graph":[{"@type":"WebPage","@id":"https:\/\/pasyjne.zory.pl\/en\/choirs\/the-canticum-novum-choir\/","url":"https:\/\/pasyjne.zory.pl\/en\/choirs\/the-canticum-novum-choir\/","name":"2024 The Canticum Novum Choir - Mi\u0119dzynarodowy Ekumeniczny Koncert Muzyki Pokutnej i Pasyjnej w \u017borach","isPartOf":{"@id":"https:\/\/pasyjne.zory.pl\/#website"},"primaryImageOfPage":{"@id":"https:\/\/pasyjne.zory.pl\/en\/choirs\/the-canticum-novum-choir\/#primaryimage"},"image":{"@id":"https:\/\/pasyjne.zory.pl\/en\/choirs\/the-canticum-novum-choir\/#primaryimage"},"thumbnailUrl":"https:\/\/pasyjne.zory.pl\/wp-content\/uploads\/2024\/02\/chor-suszec.jpg","datePublished":"2024-02-28T16:02:27+00:00","dateModified":"2025-01-03T21:59:38+00:00","breadcrumb":{"@id":"https:\/\/pasyjne.zory.pl\/en\/choirs\/the-canticum-novum-choir\/#breadcrumb"},"inLanguage":"en-US","potentialAction":[{"@type":"ReadAction","target":["https:\/\/pasyjne.zory.pl\/en\/choirs\/the-canticum-novum-choir\/"]}]},{"@type":"ImageObject","inLanguage":"en-US","@id":"https:\/\/pasyjne.zory.pl\/en\/choirs\/the-canticum-novum-choir\/#primaryimage","url":"https:\/\/pasyjne.zory.pl\/wp-content\/uploads\/2024\/02\/chor-suszec.jpg","contentUrl":"https:\/\/pasyjne.zory.pl\/wp-content\/uploads\/2024\/02\/chor-suszec.jpg"},{"@type":"BreadcrumbList","@id":"https:\/\/pasyjne.zory.pl\/en\/choirs\/the-canticum-novum-choir\/#breadcrumb","itemListElement":[{"@type":"ListItem","position":1,"name":"Strona g\u0142\u00f3wna","item":"https:\/\/pasyjne.zory.pl\/en\/"},{"@type":"ListItem","position":2,"name":"Choirs","item":"https:\/\/pasyjne.zory.pl\/en\/choirs\/"},{"@type":"ListItem","position":3,"name":"2024 The Canticum Novum Choir"}]},{"@type":"WebSite","@id":"https:\/\/pasyjne.zory.pl\/#website","url":"https:\/\/pasyjne.zory.pl\/","name":"Mi\u0119dzynarodowy Ekumeniczny Koncert Muzyki Pokutnej i Pasyjnej w \u017borach","description":"","publisher":{"@id":"https:\/\/pasyjne.zory.pl\/#organization"},"potentialAction":[{"@type":"SearchAction","target":{"@type":"EntryPoint","urlTemplate":"https:\/\/pasyjne.zory.pl\/?s={search_term_string}"},"query-input":{"@type":"PropertyValueSpecification","valueRequired":true,"valueName":"search_term_string"}}],"inLanguage":"en-US"},{"@type":"Organization","@id":"https:\/\/pasyjne.zory.pl\/#organization","name":"Mi\u0119dzynarodowy Ekumeniczny Koncert Muzyki Pokutnej i Pasyjnej w \u017borach","url":"https:\/\/pasyjne.zory.pl\/","logo":{"@type":"ImageObject","inLanguage":"en-US","@id":"https:\/\/pasyjne.zory.pl\/#\/schema\/logo\/image\/","url":"https:\/\/pasyjne.zory.pl\/wp-content\/uploads\/2024\/02\/logo.png","contentUrl":"https:\/\/pasyjne.zory.pl\/wp-content\/uploads\/2024\/02\/logo.png","width":1000,"height":1000,"caption":"Mi\u0119dzynarodowy Ekumeniczny Koncert Muzyki Pokutnej i Pasyjnej w \u017borach"},"image":{"@id":"https:\/\/pasyjne.zory.pl\/#\/schema\/logo\/image\/"}}]}},"_links":{"self":[{"href":"https:\/\/pasyjne.zory.pl\/en\/wp-json\/wp\/v2\/pages\/509","targetHints":{"allow":["GET"]}}],"collection":[{"href":"https:\/\/pasyjne.zory.pl\/en\/wp-json\/wp\/v2\/pages"}],"about":[{"href":"https:\/\/pasyjne.zory.pl\/en\/wp-json\/wp\/v2\/types\/page"}],"author":[{"embeddable":true,"href":"https:\/\/pasyjne.zory.pl\/en\/wp-json\/wp\/v2\/users\/1"}],"replies":[{"embeddable":true,"href":"https:\/\/pasyjne.zory.pl\/en\/wp-json\/wp\/v2\/comments?post=509"}],"version-history":[{"count":8,"href":"https:\/\/pasyjne.zory.pl\/en\/wp-json\/wp\/v2\/pages\/509\/revisions"}],"predecessor-version":[{"id":1060,"href":"https:\/\/pasyjne.zory.pl\/en\/wp-json\/wp\/v2\/pages\/509\/revisions\/1060"}],"up":[{"embeddable":true,"href":"https:\/\/pasyjne.zory.pl\/en\/wp-json\/wp\/v2\/pages\/426"}],"wp:attachment":[{"href":"https:\/\/pasyjne.zory.pl\/en\/wp-json\/wp\/v2\/media?parent=509"}],"curies":[{"name":"wp","href":"https:\/\/api.w.org\/{rel}","templated":true}]}}