{"id":511,"date":"2024-02-28T16:02:55","date_gmt":"2024-02-28T16:02:55","guid":{"rendered":"https:\/\/tender-bouman.46-242-128-94.plesk.page\/?page_id=511"},"modified":"2025-01-03T21:59:46","modified_gmt":"2025-01-03T21:59:46","slug":"the-polish-mixed-choir-collegium-canticorum-from-the-czech-republic","status":"publish","type":"page","link":"https:\/\/pasyjne.zory.pl\/en\/choirs\/the-polish-mixed-choir-collegium-canticorum-from-the-czech-republic\/","title":{"rendered":"2024 The Polish Mixed Choir Collegium Canticorum from the Czech Republic"},"content":{"rendered":"\t\t<div data-elementor-type=\"wp-page\" data-elementor-id=\"511\" class=\"elementor elementor-511 elementor-482\" data-elementor-post-type=\"page\">\n\t\t\t\t<div class=\"elementor-element elementor-element-ae0ebd9 e-flex e-con-boxed e-con e-parent\" data-id=\"ae0ebd9\" data-element_type=\"container\" data-e-type=\"container\">\n\t\t\t\t\t<div class=\"e-con-inner\">\n\t\t<div class=\"elementor-element elementor-element-ebdd5d7 e-grid e-con-boxed e-con e-child\" data-id=\"ebdd5d7\" data-element_type=\"container\" data-e-type=\"container\">\n\t\t\t\t\t<div class=\"e-con-inner\">\n\t\t<div class=\"elementor-element elementor-element-ec39255 e-flex e-con-boxed e-con e-child\" data-id=\"ec39255\" data-element_type=\"container\" data-e-type=\"container\">\n\t\t\t\t\t<div class=\"e-con-inner\">\n\t\t\t\t<div class=\"elementor-element elementor-element-859e322 elementor-widget elementor-widget-image\" data-id=\"859e322\" data-element_type=\"widget\" data-e-type=\"widget\" data-widget_type=\"image.default\">\n\t\t\t\t<div class=\"elementor-widget-container\">\n\t\t\t\t\t\t\t\t\t\t\t\t\t\t\t\t<a href=\"https:\/\/pasyjne.zory.pl\/wp-content\/uploads\/2024\/02\/chor-collegium-canticorum.jpg\" data-elementor-open-lightbox=\"yes\" data-elementor-lightbox-title=\"chor-collegium-canticorum\" data-e-action-hash=\"#elementor-action%3Aaction%3Dlightbox%26settings%3DeyJpZCI6MTYyLCJ1cmwiOiJodHRwczpcL1wvcGFzeWpuZS56b3J5LnBsXC93cC1jb250ZW50XC91cGxvYWRzXC8yMDI0XC8wMlwvY2hvci1jb2xsZWdpdW0tY2FudGljb3J1bS5qcGcifQ%3D%3D\">\n\t\t\t\t\t\t\t<img fetchpriority=\"high\" decoding=\"async\" width=\"800\" height=\"500\" src=\"https:\/\/pasyjne.zory.pl\/wp-content\/uploads\/2024\/02\/chor-collegium-canticorum.jpg\" class=\"attachment-full size-full wp-image-162\" alt=\"Ch\u00f3r mieszany &quot;Collegium Canticorum&quot; z Czech\" srcset=\"https:\/\/pasyjne.zory.pl\/wp-content\/uploads\/2024\/02\/chor-collegium-canticorum.jpg 800w, https:\/\/pasyjne.zory.pl\/wp-content\/uploads\/2024\/02\/chor-collegium-canticorum-300x188.jpg 300w, https:\/\/pasyjne.zory.pl\/wp-content\/uploads\/2024\/02\/chor-collegium-canticorum-768x480.jpg 768w\" sizes=\"(max-width: 800px) 100vw, 800px\" \/>\t\t\t\t\t\t\t\t<\/a>\n\t\t\t\t\t\t\t\t\t\t\t\t\t\t\t<\/div>\n\t\t\t\t<\/div>\n\t\t\t\t\t<\/div>\n\t\t\t\t<\/div>\n\t\t<div class=\"elementor-element elementor-element-677973c e-flex e-con-boxed e-con e-child\" data-id=\"677973c\" data-element_type=\"container\" data-e-type=\"container\">\n\t\t\t\t\t<div class=\"e-con-inner\">\n\t\t\t\t<div class=\"elementor-element elementor-element-0bb2b83 elementor-widget elementor-widget-heading\" data-id=\"0bb2b83\" data-element_type=\"widget\" data-e-type=\"widget\" data-widget_type=\"heading.default\">\n\t\t\t\t<div class=\"elementor-widget-container\">\n\t\t\t\t\t<h1 class=\"elementor-heading-title elementor-size-default\">2024 The Polish Mixed Choir Collegium Canticorum from the Czech Republic<\/h1>\t\t\t\t<\/div>\n\t\t\t\t<\/div>\n\t\t\t\t<div class=\"elementor-element elementor-element-5f7d0bc elementor-widget elementor-widget-heading\" data-id=\"5f7d0bc\" data-element_type=\"widget\" data-e-type=\"widget\" data-widget_type=\"heading.default\">\n\t\t\t\t<div class=\"elementor-widget-container\">\n\t\t\t\t\t<h3 class=\"elementor-heading-title elementor-size-default\">16 March 2024, 17:00, , <br>parafia \u015bw. Ap. Filipa i Jakuba w \u017borach, ul. Garncarska 16<\/h3>\t\t\t\t<\/div>\n\t\t\t\t<\/div>\n\t\t\t\t\t<\/div>\n\t\t\t\t<\/div>\n\t\t\t\t\t<\/div>\n\t\t\t\t<\/div>\n\t\t\t\t<div class=\"elementor-element elementor-element-081ea46 elementor-widget elementor-widget-text-editor\" data-id=\"081ea46\" data-element_type=\"widget\" data-e-type=\"widget\" data-widget_type=\"text-editor.default\">\n\t\t\t\t<div class=\"elementor-widget-container\">\n\t\t\t\t\t\t\t\t\t<p>The Polish Mixed Choir <em>Collegium Canticorum<\/em> is one of the most well-known artistic ensembles in Cieszyn Silesia. Its singers live in Zaolzie (the Czech part of this region). The choir represents Poles who live in Czechia, their vibrant artistic life as well as avidly preserved culture and tradition, passed from generation to generation. Within a\u00a0dozen or so years, it became valued outside its native Silesian region too, earning recognition from eminent music experts. Rehearsals take place once a week in \u010cesk\u00fd T\u011b\u0161\u00edn, and singers gather from neighbouring towns and villages. The singers are not professional musicians, but choral singing has become their passion.<\/p><p>The choir was founded in 1986 in \u010cesk\u00fd T\u011b\u0161\u00edn. In 2009, Anna Ko\u0142owska, Doctor of Art at the Faculty of Arts and Educational Science of the Silesian University in Katowice, became its conductor and artistic manager. Its board is chaired by Roman Najder. The choir presents an interesting and varied repertoire, which spans almost all musical periods: from the pieces composed by masters of polyphony, to Classicism, Romanticism, folk song arrangements, to contemporary, dance and experimental music. <em>Collegium Canticorum<\/em> has given numerous concerts in Poland and Czechia, but it has also performed in Slovakia, Hungary, Italy, Great Britain, Greece, Austria and Switzerland, taking part in international singing festivals and competitions. Their creative enthusiasm as well as their passion for diving deep into the arcana of music and conveying its unique charm to listeners are met with sincere applause. They have also received acclaim from critics and competition judges, who have praised the ensemble on several occasions, awarding them laurels and prizes.<\/p><p>Some of the awards won by the Polish Mixed Choir <em>Collegium Canticorum:<\/em><\/p><ul><li>2017 <strong>Silver Diploma<\/strong> \u2013 Ohrid Choir Festival in Macedonia;<\/li><li>2016 <strong>Silver Diploma<\/strong> \u2013 12th International K. Fober Choral Festival Gaude Cantem in Bielsko-Bia\u0142a;<\/li><li>2015 <strong>Gold Diploma <\/strong>\u2013 43rd International Festival <em>SVATKY PISNI<\/em> in Olomouc (Czechia);<\/li><li>2015 <strong>Silver Diploma<\/strong> \u2013 43rd International Festival <em>SVATKY PISNI<\/em> in Olomouc (Czechia);<\/li><li>2015\u00a0<strong>1st place<\/strong> \u2013 24th Christmas Carol Evenings in Tychy;<\/li><li>2013 <strong>Silver Diploma<\/strong> \u2013 12th International Feliks Nowowiejski Choral Music Festival in Barczewo;<\/li><li>2012\u00a0<strong>Bronze Diploma<\/strong> \u2013 22nd International Advent and Christmas Music Festival with the prize from Petr Eben \u2013 Prague (Czechia);<\/li><li>2011\u00a0<strong>3<sup>rd<\/sup> place<\/strong> \u2013 2nd International Krakow Choir Festival CRACOVIA CANTANS;<\/li><li>2011\u00a0<strong>Silver Diploma <\/strong>in the secular choirs category at the 5th Polish Song Competition in Bydgoszcz;<\/li><li>2011\u00a0<strong>1st Bronis\u0142awa Wietrzny Award <\/strong>in the mixed choirs category at the 20th Festival of Choral Song <em>Carols and Christmas Songs<\/em> in My\u015blenice;<\/li><li>2010 <strong>2nd place <\/strong>\u2013 1st Czech-Polish Choral Encounters in Wodzis\u0142aw \u015al\u0105ski;<\/li><li>2009 <strong>1st place and Gold Diploma<\/strong> \u2013 10th International Advent and Christmas Music Festival <em>Pra\u017esk\u00e9 V\u00e1noce<\/em> in Prague (Czechia);<\/li><li>2007\u00a0<strong>1st place<\/strong> \u2013 International Anton Bruckner Choir Festival in Linz (Austria);<\/li><li>2005\u00a0<strong>2nd place<\/strong> \u2013 11th Polish Carol and Christmas Song Competition in B\u0119dzin;<\/li><li>2005\u00a0<strong><em>TRES BIEN grade <\/em><\/strong>\u2013 International Choral Festival in Montreux (Switzerland);<\/li><li>2002\u00a0<strong>1st place<\/strong> \u2013 Polish Choral Competition <em>Legnica Cantat.<\/em><\/li><\/ul>\t\t\t\t\t\t\t\t<\/div>\n\t\t\t\t<\/div>\n\t\t\t\t<div class=\"elementor-element elementor-element-50be539 elementor-widget elementor-widget-heading\" data-id=\"50be539\" data-element_type=\"widget\" data-e-type=\"widget\" data-widget_type=\"heading.default\">\n\t\t\t\t<div class=\"elementor-widget-container\">\n\t\t\t\t\t<h2 class=\"elementor-heading-title elementor-size-default\">Conductor - Anna Ko\u0142owska<\/h2>\t\t\t\t<\/div>\n\t\t\t\t<\/div>\n\t\t\t\t<div class=\"elementor-element elementor-element-c1433f8 elementor-widget elementor-widget-text-editor\" data-id=\"c1433f8\" data-element_type=\"widget\" data-e-type=\"widget\" data-widget_type=\"text-editor.default\">\n\t\t\t\t<div class=\"elementor-widget-container\">\n\t\t\t\t\t\t\t\t\t<p>(n\u00e9e Szawi\u0144ska, born 1984) \u2013 conductor, educator, singer, soloist. Anna Ko\u0142owska graduated from the Mieczys\u0142aw Kar\u0142owicz Secondary State Music School in Katowice as a soprano in the solo singing class. In 2008, she obtained the Master of Art degree in musical art educaon at the Instute of Music in the Faculty of Arts and Educaonal Science of the Silesian University in Katowice, specialising in conducng vocal<br \/>and instrumental ensembles. She also completed postgraduate choirmaster studies at the Feliks Nowowiejski Musical Academy in Bydgoszcz.<\/p><p>In December 2017, she became Doctor of Musical Arts (arsc specialisaon: conducng), a tle awarded by the Council of the Art Faculty at the University of Warmia and Mazury in Olsztyn.<\/p><p>In 2009, she started her scholarly and didacc work. She currently works as an assistant professor at the Instute of Music in the Faculty of Arts and Educaonal Science of the Silesian University in Katowice. In 2009\u00ad2012, she also worked in the Katowice Department of the Higher School of Pedagogy in Warsaw, founded by the Associaon for Universal Educaon (TWP). Anna Ko\u0142owska is an acve singer, soloist, conductor and educator. She was the second conductor of the Silesian University Choir Harmonia in Cieszyn and the conductor of the Mixed Choir of the Modus Vivendi Singing Society in Katowice\u00adPiotrowice. She is currently the conductor and arsc manager of the Polish Mixed Choir Collegium Cancorum in \u010cesk\u00fd T\u011b\u0161\u00edn and the Modus Vivendi Cameralis Choir in Katowice. For 15 years, she was a singer in the Silesian Chamber Choir Ad Libitum.\u00a0<\/p><p>In 2018, she was awarded the Golden Badge of His Magnificence Vice\u00adChancellor of the Silesian University for her outstanding merit for the Silesian University, as well as the 3rd Prize of His Magnificence Vice\u00adChancellor. She also holds the Golden Honorary Badge of the Silesian Associaon of Choirs and Orchestras, as well as the Silver Honorary Badge of the Polish Associaon of Choirs and Orchestras. She is a member of the Via Musica Associaon in Cieszyn. She has been the secretary of the Internaonal J\u00f3zef \u015awider Fesval in Cieszyn since 2015 and was the arsc director of the Eucharisc Song Fesval O Salutaris Hosa in Katowice\u00ad Piotrowice.<\/p><p>With her choirs, she took part in numerous compeons and fesvals in Poland and abroad, e.g.: Vocal Music Fesval Viva il canto in Cieszyn, Internaonal Choral Fesval Gaude Cantem in Bielsko\u00adBia\u0142a, Cano Lodziensis in \u0141\u00f3d\u017a, Polish Choral Compeon Legnica Cantat in Legnica, Internaonal Feliks Nowowiejski Choral Music Fesval in Barczewo, Internaonal Choral Song Fesval in Mi\u0119dzyzdroje, Internaonal Religious Music Fesval in Rumia, Festa Musicale in Olomouc (Czechia), Internaonal Fesval of Choral Music For the Gold Ribbon of Solcha in Ei\u0161i\u0161k\u0117s (Lithuania), Montreux Choral Fesval (Switzerland), Grand Prix World Choir Fesval St. Petersburg (Russia), Grand Prix World Choir Fesval Paaya (Thailand), Busan Choral Fesval and Compeon (South Korea), Andrea O. Veneracion Internaonal Choral Fesval Manila (Philippines), Ohrid Choir Fesval (Macedonia). . At the Internaonal Advent and Christmas Music Fesval Pra\u017esk\u00e9 V\u00e1noce, Anna Ko\u0142owska won the reward for the best conductor. Her conducng skills were also rewarded in 2011, at the 20th Fesval of Choral Song Carols and Christmas Songs in My\u015blenice.<\/p><p>\u00a0<\/p>\t\t\t\t\t\t\t\t<\/div>\n\t\t\t\t<\/div>\n\t\t\t\t\t<\/div>\n\t\t\t\t<\/div>\n\t\t\t\t<\/div>\n\t\t","protected":false},"excerpt":{"rendered":"<p>16 March 2024, 17:00, , parafia \u015bw. Ap. Filipa i Jakuba w \u017borach, ul. Garncarska 16 The Polish Mixed Choir Collegium Canticorum is one of the most well-known artistic ensembles in Cieszyn Silesia. Its singers live in Zaolzie (the Czech part of this region). The choir represents Poles who live in Czechia, their vibrant artistic [&hellip;]<\/p>\n","protected":false},"author":1,"featured_media":0,"parent":426,"menu_order":0,"comment_status":"closed","ping_status":"closed","template":"","meta":{"footnotes":""},"class_list":["post-511","page","type-page","status-publish","hentry"],"yoast_head":"<!-- This site is optimized with the Yoast SEO plugin v27.3 - https:\/\/yoast.com\/product\/yoast-seo-wordpress\/ -->\n<title>2024 The Polish Mixed Choir Collegium Canticorum from the Czech Republic - Mi\u0119dzynarodowy Ekumeniczny Koncert Muzyki Pokutnej i Pasyjnej w \u017borach<\/title>\n<meta name=\"robots\" content=\"index, follow, max-snippet:-1, max-image-preview:large, max-video-preview:-1\" \/>\n<link rel=\"canonical\" href=\"https:\/\/pasyjne.zory.pl\/en\/choirs\/the-polish-mixed-choir-collegium-canticorum-from-the-czech-republic\/\" \/>\n<meta property=\"og:locale\" content=\"en_US\" \/>\n<meta property=\"og:type\" content=\"article\" \/>\n<meta property=\"og:title\" content=\"2024 The Polish Mixed Choir Collegium Canticorum from the Czech Republic - Mi\u0119dzynarodowy Ekumeniczny Koncert Muzyki Pokutnej i Pasyjnej w \u017borach\" \/>\n<meta property=\"og:description\" content=\"16 March 2024, 17:00, , parafia \u015bw. Ap. Filipa i Jakuba w \u017borach, ul. Garncarska 16 The Polish Mixed Choir Collegium Canticorum is one of the most well-known artistic ensembles in Cieszyn Silesia. Its singers live in Zaolzie (the Czech part of this region). The choir represents Poles who live in Czechia, their vibrant artistic [&hellip;]\" \/>\n<meta property=\"og:url\" content=\"https:\/\/pasyjne.zory.pl\/en\/choirs\/the-polish-mixed-choir-collegium-canticorum-from-the-czech-republic\/\" \/>\n<meta property=\"og:site_name\" content=\"Mi\u0119dzynarodowy Ekumeniczny Koncert Muzyki Pokutnej i Pasyjnej w \u017borach\" \/>\n<meta property=\"article:modified_time\" content=\"2025-01-03T21:59:46+00:00\" \/>\n<meta property=\"og:image\" content=\"https:\/\/pasyjne.zory.pl\/wp-content\/uploads\/2024\/02\/chor-collegium-canticorum.jpg\" \/>\n\t<meta property=\"og:image:width\" content=\"800\" \/>\n\t<meta property=\"og:image:height\" content=\"500\" \/>\n\t<meta property=\"og:image:type\" content=\"image\/jpeg\" \/>\n<meta name=\"twitter:card\" content=\"summary_large_image\" \/>\n<meta name=\"twitter:label1\" content=\"Est. reading time\" \/>\n\t<meta name=\"twitter:data1\" content=\"5 minutes\" \/>\n<script type=\"application\/ld+json\" class=\"yoast-schema-graph\">{\"@context\":\"https:\\\/\\\/schema.org\",\"@graph\":[{\"@type\":\"WebPage\",\"@id\":\"https:\\\/\\\/pasyjne.zory.pl\\\/en\\\/choirs\\\/the-polish-mixed-choir-collegium-canticorum-from-the-czech-republic\\\/\",\"url\":\"https:\\\/\\\/pasyjne.zory.pl\\\/en\\\/choirs\\\/the-polish-mixed-choir-collegium-canticorum-from-the-czech-republic\\\/\",\"name\":\"2024 The Polish Mixed Choir Collegium Canticorum from the Czech Republic - Mi\u0119dzynarodowy Ekumeniczny Koncert Muzyki Pokutnej i Pasyjnej w \u017borach\",\"isPartOf\":{\"@id\":\"https:\\\/\\\/pasyjne.zory.pl\\\/#website\"},\"primaryImageOfPage\":{\"@id\":\"https:\\\/\\\/pasyjne.zory.pl\\\/en\\\/choirs\\\/the-polish-mixed-choir-collegium-canticorum-from-the-czech-republic\\\/#primaryimage\"},\"image\":{\"@id\":\"https:\\\/\\\/pasyjne.zory.pl\\\/en\\\/choirs\\\/the-polish-mixed-choir-collegium-canticorum-from-the-czech-republic\\\/#primaryimage\"},\"thumbnailUrl\":\"https:\\\/\\\/pasyjne.zory.pl\\\/wp-content\\\/uploads\\\/2024\\\/02\\\/chor-collegium-canticorum.jpg\",\"datePublished\":\"2024-02-28T16:02:55+00:00\",\"dateModified\":\"2025-01-03T21:59:46+00:00\",\"breadcrumb\":{\"@id\":\"https:\\\/\\\/pasyjne.zory.pl\\\/en\\\/choirs\\\/the-polish-mixed-choir-collegium-canticorum-from-the-czech-republic\\\/#breadcrumb\"},\"inLanguage\":\"en-US\",\"potentialAction\":[{\"@type\":\"ReadAction\",\"target\":[\"https:\\\/\\\/pasyjne.zory.pl\\\/en\\\/choirs\\\/the-polish-mixed-choir-collegium-canticorum-from-the-czech-republic\\\/\"]}]},{\"@type\":\"ImageObject\",\"inLanguage\":\"en-US\",\"@id\":\"https:\\\/\\\/pasyjne.zory.pl\\\/en\\\/choirs\\\/the-polish-mixed-choir-collegium-canticorum-from-the-czech-republic\\\/#primaryimage\",\"url\":\"https:\\\/\\\/pasyjne.zory.pl\\\/wp-content\\\/uploads\\\/2024\\\/02\\\/chor-collegium-canticorum.jpg\",\"contentUrl\":\"https:\\\/\\\/pasyjne.zory.pl\\\/wp-content\\\/uploads\\\/2024\\\/02\\\/chor-collegium-canticorum.jpg\"},{\"@type\":\"BreadcrumbList\",\"@id\":\"https:\\\/\\\/pasyjne.zory.pl\\\/en\\\/choirs\\\/the-polish-mixed-choir-collegium-canticorum-from-the-czech-republic\\\/#breadcrumb\",\"itemListElement\":[{\"@type\":\"ListItem\",\"position\":1,\"name\":\"Strona g\u0142\u00f3wna\",\"item\":\"https:\\\/\\\/pasyjne.zory.pl\\\/en\\\/\"},{\"@type\":\"ListItem\",\"position\":2,\"name\":\"Choirs\",\"item\":\"https:\\\/\\\/pasyjne.zory.pl\\\/en\\\/choirs\\\/\"},{\"@type\":\"ListItem\",\"position\":3,\"name\":\"2024 The Polish Mixed Choir Collegium Canticorum from the Czech Republic\"}]},{\"@type\":\"WebSite\",\"@id\":\"https:\\\/\\\/pasyjne.zory.pl\\\/#website\",\"url\":\"https:\\\/\\\/pasyjne.zory.pl\\\/\",\"name\":\"Mi\u0119dzynarodowy Ekumeniczny Koncert Muzyki Pokutnej i Pasyjnej w \u017borach\",\"description\":\"\",\"publisher\":{\"@id\":\"https:\\\/\\\/pasyjne.zory.pl\\\/#organization\"},\"potentialAction\":[{\"@type\":\"SearchAction\",\"target\":{\"@type\":\"EntryPoint\",\"urlTemplate\":\"https:\\\/\\\/pasyjne.zory.pl\\\/?s={search_term_string}\"},\"query-input\":{\"@type\":\"PropertyValueSpecification\",\"valueRequired\":true,\"valueName\":\"search_term_string\"}}],\"inLanguage\":\"en-US\"},{\"@type\":\"Organization\",\"@id\":\"https:\\\/\\\/pasyjne.zory.pl\\\/#organization\",\"name\":\"Mi\u0119dzynarodowy Ekumeniczny Koncert Muzyki Pokutnej i Pasyjnej w \u017borach\",\"url\":\"https:\\\/\\\/pasyjne.zory.pl\\\/\",\"logo\":{\"@type\":\"ImageObject\",\"inLanguage\":\"en-US\",\"@id\":\"https:\\\/\\\/pasyjne.zory.pl\\\/#\\\/schema\\\/logo\\\/image\\\/\",\"url\":\"https:\\\/\\\/pasyjne.zory.pl\\\/wp-content\\\/uploads\\\/2024\\\/02\\\/logo.png\",\"contentUrl\":\"https:\\\/\\\/pasyjne.zory.pl\\\/wp-content\\\/uploads\\\/2024\\\/02\\\/logo.png\",\"width\":1000,\"height\":1000,\"caption\":\"Mi\u0119dzynarodowy Ekumeniczny Koncert Muzyki Pokutnej i Pasyjnej w \u017borach\"},\"image\":{\"@id\":\"https:\\\/\\\/pasyjne.zory.pl\\\/#\\\/schema\\\/logo\\\/image\\\/\"}}]}<\/script>\n<!-- \/ Yoast SEO plugin. -->","yoast_head_json":{"title":"2024 The Polish Mixed Choir Collegium Canticorum from the Czech Republic - Mi\u0119dzynarodowy Ekumeniczny Koncert Muzyki Pokutnej i Pasyjnej w \u017borach","robots":{"index":"index","follow":"follow","max-snippet":"max-snippet:-1","max-image-preview":"max-image-preview:large","max-video-preview":"max-video-preview:-1"},"canonical":"https:\/\/pasyjne.zory.pl\/en\/choirs\/the-polish-mixed-choir-collegium-canticorum-from-the-czech-republic\/","og_locale":"en_US","og_type":"article","og_title":"2024 The Polish Mixed Choir Collegium Canticorum from the Czech Republic - Mi\u0119dzynarodowy Ekumeniczny Koncert Muzyki Pokutnej i Pasyjnej w \u017borach","og_description":"16 March 2024, 17:00, , parafia \u015bw. Ap. Filipa i Jakuba w \u017borach, ul. Garncarska 16 The Polish Mixed Choir Collegium Canticorum is one of the most well-known artistic ensembles in Cieszyn Silesia. Its singers live in Zaolzie (the Czech part of this region). The choir represents Poles who live in Czechia, their vibrant artistic [&hellip;]","og_url":"https:\/\/pasyjne.zory.pl\/en\/choirs\/the-polish-mixed-choir-collegium-canticorum-from-the-czech-republic\/","og_site_name":"Mi\u0119dzynarodowy Ekumeniczny Koncert Muzyki Pokutnej i Pasyjnej w \u017borach","article_modified_time":"2025-01-03T21:59:46+00:00","og_image":[{"width":800,"height":500,"url":"https:\/\/pasyjne.zory.pl\/wp-content\/uploads\/2024\/02\/chor-collegium-canticorum.jpg","type":"image\/jpeg"}],"twitter_card":"summary_large_image","twitter_misc":{"Est. reading time":"5 minutes"},"schema":{"@context":"https:\/\/schema.org","@graph":[{"@type":"WebPage","@id":"https:\/\/pasyjne.zory.pl\/en\/choirs\/the-polish-mixed-choir-collegium-canticorum-from-the-czech-republic\/","url":"https:\/\/pasyjne.zory.pl\/en\/choirs\/the-polish-mixed-choir-collegium-canticorum-from-the-czech-republic\/","name":"2024 The Polish Mixed Choir Collegium Canticorum from the Czech Republic - Mi\u0119dzynarodowy Ekumeniczny Koncert Muzyki Pokutnej i Pasyjnej w \u017borach","isPartOf":{"@id":"https:\/\/pasyjne.zory.pl\/#website"},"primaryImageOfPage":{"@id":"https:\/\/pasyjne.zory.pl\/en\/choirs\/the-polish-mixed-choir-collegium-canticorum-from-the-czech-republic\/#primaryimage"},"image":{"@id":"https:\/\/pasyjne.zory.pl\/en\/choirs\/the-polish-mixed-choir-collegium-canticorum-from-the-czech-republic\/#primaryimage"},"thumbnailUrl":"https:\/\/pasyjne.zory.pl\/wp-content\/uploads\/2024\/02\/chor-collegium-canticorum.jpg","datePublished":"2024-02-28T16:02:55+00:00","dateModified":"2025-01-03T21:59:46+00:00","breadcrumb":{"@id":"https:\/\/pasyjne.zory.pl\/en\/choirs\/the-polish-mixed-choir-collegium-canticorum-from-the-czech-republic\/#breadcrumb"},"inLanguage":"en-US","potentialAction":[{"@type":"ReadAction","target":["https:\/\/pasyjne.zory.pl\/en\/choirs\/the-polish-mixed-choir-collegium-canticorum-from-the-czech-republic\/"]}]},{"@type":"ImageObject","inLanguage":"en-US","@id":"https:\/\/pasyjne.zory.pl\/en\/choirs\/the-polish-mixed-choir-collegium-canticorum-from-the-czech-republic\/#primaryimage","url":"https:\/\/pasyjne.zory.pl\/wp-content\/uploads\/2024\/02\/chor-collegium-canticorum.jpg","contentUrl":"https:\/\/pasyjne.zory.pl\/wp-content\/uploads\/2024\/02\/chor-collegium-canticorum.jpg"},{"@type":"BreadcrumbList","@id":"https:\/\/pasyjne.zory.pl\/en\/choirs\/the-polish-mixed-choir-collegium-canticorum-from-the-czech-republic\/#breadcrumb","itemListElement":[{"@type":"ListItem","position":1,"name":"Strona g\u0142\u00f3wna","item":"https:\/\/pasyjne.zory.pl\/en\/"},{"@type":"ListItem","position":2,"name":"Choirs","item":"https:\/\/pasyjne.zory.pl\/en\/choirs\/"},{"@type":"ListItem","position":3,"name":"2024 The Polish Mixed Choir Collegium Canticorum from the Czech Republic"}]},{"@type":"WebSite","@id":"https:\/\/pasyjne.zory.pl\/#website","url":"https:\/\/pasyjne.zory.pl\/","name":"Mi\u0119dzynarodowy Ekumeniczny Koncert Muzyki Pokutnej i Pasyjnej w \u017borach","description":"","publisher":{"@id":"https:\/\/pasyjne.zory.pl\/#organization"},"potentialAction":[{"@type":"SearchAction","target":{"@type":"EntryPoint","urlTemplate":"https:\/\/pasyjne.zory.pl\/?s={search_term_string}"},"query-input":{"@type":"PropertyValueSpecification","valueRequired":true,"valueName":"search_term_string"}}],"inLanguage":"en-US"},{"@type":"Organization","@id":"https:\/\/pasyjne.zory.pl\/#organization","name":"Mi\u0119dzynarodowy Ekumeniczny Koncert Muzyki Pokutnej i Pasyjnej w \u017borach","url":"https:\/\/pasyjne.zory.pl\/","logo":{"@type":"ImageObject","inLanguage":"en-US","@id":"https:\/\/pasyjne.zory.pl\/#\/schema\/logo\/image\/","url":"https:\/\/pasyjne.zory.pl\/wp-content\/uploads\/2024\/02\/logo.png","contentUrl":"https:\/\/pasyjne.zory.pl\/wp-content\/uploads\/2024\/02\/logo.png","width":1000,"height":1000,"caption":"Mi\u0119dzynarodowy Ekumeniczny Koncert Muzyki Pokutnej i Pasyjnej w \u017borach"},"image":{"@id":"https:\/\/pasyjne.zory.pl\/#\/schema\/logo\/image\/"}}]}},"_links":{"self":[{"href":"https:\/\/pasyjne.zory.pl\/en\/wp-json\/wp\/v2\/pages\/511","targetHints":{"allow":["GET"]}}],"collection":[{"href":"https:\/\/pasyjne.zory.pl\/en\/wp-json\/wp\/v2\/pages"}],"about":[{"href":"https:\/\/pasyjne.zory.pl\/en\/wp-json\/wp\/v2\/types\/page"}],"author":[{"embeddable":true,"href":"https:\/\/pasyjne.zory.pl\/en\/wp-json\/wp\/v2\/users\/1"}],"replies":[{"embeddable":true,"href":"https:\/\/pasyjne.zory.pl\/en\/wp-json\/wp\/v2\/comments?post=511"}],"version-history":[{"count":11,"href":"https:\/\/pasyjne.zory.pl\/en\/wp-json\/wp\/v2\/pages\/511\/revisions"}],"predecessor-version":[{"id":1062,"href":"https:\/\/pasyjne.zory.pl\/en\/wp-json\/wp\/v2\/pages\/511\/revisions\/1062"}],"up":[{"embeddable":true,"href":"https:\/\/pasyjne.zory.pl\/en\/wp-json\/wp\/v2\/pages\/426"}],"wp:attachment":[{"href":"https:\/\/pasyjne.zory.pl\/en\/wp-json\/wp\/v2\/media?parent=511"}],"curies":[{"name":"wp","href":"https:\/\/api.w.org\/{rel}","templated":true}]}}