{"id":512,"date":"2024-02-28T16:03:09","date_gmt":"2024-02-28T16:03:09","guid":{"rendered":"https:\/\/tender-bouman.46-242-128-94.plesk.page\/?page_id=512"},"modified":"2025-01-03T21:59:42","modified_gmt":"2025-01-03T21:59:42","slug":"the-choir-of-the-university-of-economics-in-katowice","status":"publish","type":"page","link":"https:\/\/pasyjne.zory.pl\/en\/choirs\/the-choir-of-the-university-of-economics-in-katowice\/","title":{"rendered":"2024 The Choir of the University of Economics in Katowice"},"content":{"rendered":"\t\t<div data-elementor-type=\"wp-page\" data-elementor-id=\"512\" class=\"elementor elementor-512 elementor-483\" data-elementor-post-type=\"page\">\n\t\t\t\t<div class=\"elementor-element elementor-element-a86250b e-flex e-con-boxed e-con e-parent\" data-id=\"a86250b\" data-element_type=\"container\" data-e-type=\"container\">\n\t\t\t\t\t<div class=\"e-con-inner\">\n\t\t<div class=\"elementor-element elementor-element-de2dc4f e-grid e-con-boxed e-con e-child\" data-id=\"de2dc4f\" data-element_type=\"container\" data-e-type=\"container\">\n\t\t\t\t\t<div class=\"e-con-inner\">\n\t\t<div class=\"elementor-element elementor-element-cf0de37 e-flex e-con-boxed e-con e-child\" data-id=\"cf0de37\" data-element_type=\"container\" data-e-type=\"container\">\n\t\t\t\t\t<div class=\"e-con-inner\">\n\t\t\t\t<div class=\"elementor-element elementor-element-2b9e9ab elementor-widget elementor-widget-image\" data-id=\"2b9e9ab\" data-element_type=\"widget\" data-e-type=\"widget\" data-widget_type=\"image.default\">\n\t\t\t\t<div class=\"elementor-widget-container\">\n\t\t\t\t\t\t\t\t\t\t\t\t\t\t\t\t<a href=\"https:\/\/pasyjne.zory.pl\/wp-content\/uploads\/2024\/02\/chor-uniwersytet-ekumeniczny.jpg\" data-elementor-open-lightbox=\"yes\" data-elementor-lightbox-title=\"chor-uniwersytet-ekumeniczny\" data-e-action-hash=\"#elementor-action%3Aaction%3Dlightbox%26settings%3DeyJpZCI6MTYzLCJ1cmwiOiJodHRwczpcL1wvcGFzeWpuZS56b3J5LnBsXC93cC1jb250ZW50XC91cGxvYWRzXC8yMDI0XC8wMlwvY2hvci11bml3ZXJzeXRldC1la3VtZW5pY3pueS5qcGcifQ%3D%3D\">\n\t\t\t\t\t\t\t<img fetchpriority=\"high\" decoding=\"async\" width=\"800\" height=\"500\" src=\"https:\/\/pasyjne.zory.pl\/wp-content\/uploads\/2024\/02\/chor-uniwersytet-ekumeniczny.jpg\" class=\"attachment-full size-full wp-image-163\" alt=\"Ch\u00f3r Uniwersytetu Ekonomicznego w Katowicach\" srcset=\"https:\/\/pasyjne.zory.pl\/wp-content\/uploads\/2024\/02\/chor-uniwersytet-ekumeniczny.jpg 800w, https:\/\/pasyjne.zory.pl\/wp-content\/uploads\/2024\/02\/chor-uniwersytet-ekumeniczny-300x188.jpg 300w, https:\/\/pasyjne.zory.pl\/wp-content\/uploads\/2024\/02\/chor-uniwersytet-ekumeniczny-768x480.jpg 768w\" sizes=\"(max-width: 800px) 100vw, 800px\" \/>\t\t\t\t\t\t\t\t<\/a>\n\t\t\t\t\t\t\t\t\t\t\t\t\t\t\t<\/div>\n\t\t\t\t<\/div>\n\t\t\t\t\t<\/div>\n\t\t\t\t<\/div>\n\t\t<div class=\"elementor-element elementor-element-58b0b68 e-flex e-con-boxed e-con e-child\" data-id=\"58b0b68\" data-element_type=\"container\" data-e-type=\"container\">\n\t\t\t\t\t<div class=\"e-con-inner\">\n\t\t\t\t<div class=\"elementor-element elementor-element-449c969 elementor-widget elementor-widget-heading\" data-id=\"449c969\" data-element_type=\"widget\" data-e-type=\"widget\" data-widget_type=\"heading.default\">\n\t\t\t\t<div class=\"elementor-widget-container\">\n\t\t\t\t\t<h1 class=\"elementor-heading-title elementor-size-default\">2024 The Choir of the University of Economics in Katowice<\/h1>\t\t\t\t<\/div>\n\t\t\t\t<\/div>\n\t\t\t\t<div class=\"elementor-element elementor-element-7b7eeee elementor-widget elementor-widget-heading\" data-id=\"7b7eeee\" data-element_type=\"widget\" data-e-type=\"widget\" data-widget_type=\"heading.default\">\n\t\t\t\t<div class=\"elementor-widget-container\">\n\t\t\t\t\t<h3 class=\"elementor-heading-title elementor-size-default\">16 March 2024, 17:00, , <br>parafia \u015bw. Ap. Filipa i Jakuba w \u017borach, ul. Garncarska 16<\/h3>\t\t\t\t<\/div>\n\t\t\t\t<\/div>\n\t\t\t\t\t<\/div>\n\t\t\t\t<\/div>\n\t\t\t\t\t<\/div>\n\t\t\t\t<\/div>\n\t\t\t\t<div class=\"elementor-element elementor-element-0c68206 elementor-widget elementor-widget-text-editor\" data-id=\"0c68206\" data-element_type=\"widget\" data-e-type=\"widget\" data-widget_type=\"text-editor.default\">\n\t\t\t\t<div class=\"elementor-widget-container\">\n\t\t\t\t\t\t\t\t\t<p><strong>The Choir of the University of Economics in Katowice<\/strong> was established in March 2006. The Conductor of the Choir since March 2013 has been Micha\u0142 Bro\u017cek.<\/p>\n<p>The Choir has 90 members. The choir consists of students, graduates, university employees and people from outside the university.<\/p>\n<p>The team represents the University mostly during academic ceremonies, concerts and regional events, competitions and choral music festivals in Poland and worldwide.<\/p>\n<p>The Choir has concerted in Italy, Lithuania, Turkey, Spain, France, Czech Republic, Slovakia, North Macedonia, China, Greece.<\/p>\n<p>The team wins many awards in national and international competitions such as: 56<sup>th<\/sup> International Festival of Sacral Music \u201cVirgo Lauretana\u201d in Loreto, Italy (2016), \u201cBeijing International Choral Festival\u201d in China (2018), \u201cOhrid Choir Festival\u201d in North Macedonia (2018), 7<sup> th<\/sup> Festival BACH organized by Choir Rencontres Musicales en Loire in Saint-\u00c9tienne in France (2019), International Choir Competition \u201cMUNDI CANTANT\u201d in Olomouc&nbsp; (Czech Republic 2019), Grand Prix of the FESTIVAL \u201cM U S I C &amp; SEA\u201d in Paralia (Greece 2022), XVII International Choir Festival \u201eGaude Cantem\u201d in Bielsko-Bia\u0142a (Poland 2022), National Choir Competition &#8220;Magnificat&#8221; in Bytom (Poland 2022), 26<sup> th<\/sup> International Festival Choir in Provence organized by&nbsp; Choral Events (France 2023), 33<sup>rd<\/sup> National Choir Carol Competition in&nbsp; Tychy (Poland 2024).<\/p>\n<p>The repertoire of the Choir covers early, classical, romantic and contemporary music including compositions with sacral theme, arrangements of popular music, songs inspired with folk of various nations also vocal and instrumental performances such as Gabriel Faur\u00e9\u2019s Requiem, Joseph Haydn\u2019s Missa Brevis, Ludwig van Beethoven\u2019s 9. Symphony, Carl Orff\u2019s Carmina Burana, John Rutter\u2019s Magnificat, Johann Sebastian Bach The Mass in B minor BWV 232, Wojciech Kilar Missa pro pace for 4 Solo Voices (SATB), Mixed Choir and Orchestr or Karl Jenkins Stabat Mater.<\/p>\n<p>The choir cooperates with famous artists of the Polish music scene, taking part in film music concert tours, such as &#8220;Tribute to Hans Zimmer, Ennio Morricone, John Williams&#8221; and popular music &#8220;Tribute to&#8221;. In December 2023, the band performed at the KATOPOLIS event, opening the celebration of receiving the title of European City of Science by the City of Katowice.<\/p>\n<p>Choir of the University of Economics in Katowice has recorded five albums.<\/p>\n<p>The Choir is the organizer also Metropolitan Choral Festival since 2018. In April 2023 took place the fifth edition.<\/p>\n<p>Facebook:&nbsp; <a href=\"about:blank\">https:\/\/www.facebook.com\/ChorUEKatowice<\/a><br><span style=\"color: var( --e-global-color-text ); text-align: var(--text-align); font-size: 1rem;\">Youtube: youtube.com\/c\/Ch\u00f3rUEKatowice<\/span><\/p><p><span style=\"color: var( --e-global-color-text ); text-align: var(--text-align); font-size: 1rem;\">Instagram: <\/span><a href=\"about:blank\" style=\"text-align: var(--text-align); background-color: rgb(255, 255, 255); font-size: 1rem;\">choruekatowice<\/a><\/p><p><span style=\"color: var( --e-global-color-text ); text-align: var(--text-align); font-size: 1rem;\">Tik Tok: <\/span><a href=\"about:blank\" style=\"text-align: var(--text-align); background-color: rgb(255, 255, 255); font-size: 1rem;\">https:\/\/www.tiktok.com\/@chor.uekat<\/a><\/p>\n<p><\/p>\t\t\t\t\t\t\t\t<\/div>\n\t\t\t\t<\/div>\n\t\t\t\t<div class=\"elementor-element elementor-element-0ae462d elementor-widget elementor-widget-heading\" data-id=\"0ae462d\" data-element_type=\"widget\" data-e-type=\"widget\" data-widget_type=\"heading.default\">\n\t\t\t\t<div class=\"elementor-widget-container\">\n\t\t\t\t\t<h2 class=\"elementor-heading-title elementor-size-default\">Conductor - Micha\u0142 Bo\u017cek<\/h2>\t\t\t\t<\/div>\n\t\t\t\t<\/div>\n\t\t\t\t<div class=\"elementor-element elementor-element-1f73cb7 elementor-widget elementor-widget-text-editor\" data-id=\"1f73cb7\" data-element_type=\"widget\" data-e-type=\"widget\" data-widget_type=\"text-editor.default\">\n\t\t\t\t<div class=\"elementor-widget-container\">\n\t\t\t\t\t\t\t\t\t<p><strong>Micha\u0142 Bro\u017cek<\/strong> \u2013 the conductor, organist, composer, music teacher at the School and Kindergarten Complex No. 5 in Tychy and theoretical and musical subjects and orchestra at the Music School Complex in Tychy. He is a graduate of the Academy of Music. Karol Szymanowski in Katowice. In 2011, he completed his second-cycle studies with honors, specializing in: Choral conducting and theoretical and musical subjects in the conducting class of prof. Ph.D. Iwona Melson and Musical education and theoretical and musical subjects. In 2010, he participated in the 13th National Competition for Choral Conductors in Pozna\u0144. During his studies, in 2008, he founded the Cantate Deo Choir operating at the Holy Cross Parish in Tychy, and in 2013 he became the conductor of the Choir of the University of Economics in Katowice. He gives concerts in Poland and abroad, including: in Italy, Spain, France, Czech Republic, Slovakia, Macedonia and China. With the ensembles he leads, he has won numerous awards and distinctions, the most recent of which include victory during the XXXIII Tyskie Carol Evenings in 2024, 1st place in the mixed choir category and 3rd place in the competition for the Grand Prix for the Choir of the University of Economics in Katowice during the 26th International Choral Festival in Provence (France, 2023), 1st place and Golden Diploma for the Choir of the University of Economics in Katowice and a special award for the best performance of a work by a contemporary composer at the &#8220;Legnica Cantat&#8221; Choral Festival in 2023, Grand Prix award for the Choir of the University of Economics in Katowice during the 10th International Choral Festival &#8220;Music and sea&#8221; in Paralia, Greece in September 2022, as well as a Gold diploma and first place in the category of academic choirs, a special award for the most interesting interpretation of a sacred piece at the 17th International Choir Festival &#8220;Gaude Cantem&#8221; in Bielsko-Bia\u0142a in October 2022. He has received a special award for the best conductor of choral competitions many times &#8211; e.g. in 2023 during the &#8220;Legnica Cantat&#8221; Choral Festival or the XXVI International Choral Festival in Provence. Since 2018, he has been the artistic director of the Metropolitan Choral Festival. He successfully conducted many vocal and instrumental concerts, such as J. Rutter&#8217;s Magnificat, G. Faure&#8217;s Requiem, J.S.Bach&#8217;s Great Mass in B minor, W. Kilar&#8217;s Missa pro Pace, and K. Jenkins&#8217;s Stabat Mater. He is invited to participate in festivals and competitions as a juror. In 2024, he will take an active part in judging competition performances during the XXVII International Choral Festival in Provence. He has made 4 CD recordings: Gabriel Faure&#8217;s Requiem (2014), Christmas carol CDs recorded with the &#8220;Cantate Deo&#8221; Choir (2015) and with the Choir of the University of Economics in Katowice (2016), as well as the CD Caelesti lumine which contains sacred songs performed by the Choir of the University of Economics in Katowice (2021).<\/p>\t\t\t\t\t\t\t\t<\/div>\n\t\t\t\t<\/div>\n\t\t\t\t\t<\/div>\n\t\t\t\t<\/div>\n\t\t\t\t<\/div>\n\t\t","protected":false},"excerpt":{"rendered":"<p>16 March 2024, 17:00, , parafia \u015bw. Ap. Filipa i Jakuba w \u017borach, ul. Garncarska 16 The Choir of the University of Economics in Katowice was established in March 2006. The Conductor of the Choir since March 2013 has been Micha\u0142 Bro\u017cek. The Choir has 90 members. The choir consists of students, graduates, university employees [&hellip;]<\/p>\n","protected":false},"author":1,"featured_media":0,"parent":426,"menu_order":0,"comment_status":"closed","ping_status":"closed","template":"","meta":{"footnotes":""},"class_list":["post-512","page","type-page","status-publish","hentry"],"yoast_head":"<!-- This site is optimized with the Yoast SEO plugin v27.3 - https:\/\/yoast.com\/product\/yoast-seo-wordpress\/ -->\n<title>2024 The Choir of the University of Economics in Katowice - Mi\u0119dzynarodowy Ekumeniczny Koncert Muzyki Pokutnej i Pasyjnej w \u017borach<\/title>\n<meta name=\"robots\" content=\"index, follow, max-snippet:-1, max-image-preview:large, max-video-preview:-1\" \/>\n<link rel=\"canonical\" href=\"https:\/\/pasyjne.zory.pl\/en\/choirs\/the-choir-of-the-university-of-economics-in-katowice\/\" \/>\n<meta property=\"og:locale\" content=\"en_US\" \/>\n<meta property=\"og:type\" content=\"article\" \/>\n<meta property=\"og:title\" content=\"2024 The Choir of the University of Economics in Katowice - Mi\u0119dzynarodowy Ekumeniczny Koncert Muzyki Pokutnej i Pasyjnej w \u017borach\" \/>\n<meta property=\"og:description\" content=\"16 March 2024, 17:00, , parafia \u015bw. Ap. Filipa i Jakuba w \u017borach, ul. Garncarska 16 The Choir of the University of Economics in Katowice was established in March 2006. The Conductor of the Choir since March 2013 has been Micha\u0142 Bro\u017cek. The Choir has 90 members. The choir consists of students, graduates, university employees [&hellip;]\" \/>\n<meta property=\"og:url\" content=\"https:\/\/pasyjne.zory.pl\/en\/choirs\/the-choir-of-the-university-of-economics-in-katowice\/\" \/>\n<meta property=\"og:site_name\" content=\"Mi\u0119dzynarodowy Ekumeniczny Koncert Muzyki Pokutnej i Pasyjnej w \u017borach\" \/>\n<meta property=\"article:modified_time\" content=\"2025-01-03T21:59:42+00:00\" \/>\n<meta property=\"og:image\" content=\"https:\/\/pasyjne.zory.pl\/wp-content\/uploads\/2024\/02\/chor-uniwersytet-ekumeniczny.jpg\" \/>\n\t<meta property=\"og:image:width\" content=\"800\" \/>\n\t<meta property=\"og:image:height\" content=\"500\" \/>\n\t<meta property=\"og:image:type\" content=\"image\/jpeg\" \/>\n<meta name=\"twitter:card\" content=\"summary_large_image\" \/>\n<meta name=\"twitter:label1\" content=\"Est. reading time\" \/>\n\t<meta name=\"twitter:data1\" content=\"5 minutes\" \/>\n<script type=\"application\/ld+json\" class=\"yoast-schema-graph\">{\"@context\":\"https:\\\/\\\/schema.org\",\"@graph\":[{\"@type\":\"WebPage\",\"@id\":\"https:\\\/\\\/pasyjne.zory.pl\\\/en\\\/choirs\\\/the-choir-of-the-university-of-economics-in-katowice\\\/\",\"url\":\"https:\\\/\\\/pasyjne.zory.pl\\\/en\\\/choirs\\\/the-choir-of-the-university-of-economics-in-katowice\\\/\",\"name\":\"2024 The Choir of the University of Economics in Katowice - Mi\u0119dzynarodowy Ekumeniczny Koncert Muzyki Pokutnej i Pasyjnej w \u017borach\",\"isPartOf\":{\"@id\":\"https:\\\/\\\/pasyjne.zory.pl\\\/#website\"},\"primaryImageOfPage\":{\"@id\":\"https:\\\/\\\/pasyjne.zory.pl\\\/en\\\/choirs\\\/the-choir-of-the-university-of-economics-in-katowice\\\/#primaryimage\"},\"image\":{\"@id\":\"https:\\\/\\\/pasyjne.zory.pl\\\/en\\\/choirs\\\/the-choir-of-the-university-of-economics-in-katowice\\\/#primaryimage\"},\"thumbnailUrl\":\"https:\\\/\\\/pasyjne.zory.pl\\\/wp-content\\\/uploads\\\/2024\\\/02\\\/chor-uniwersytet-ekumeniczny.jpg\",\"datePublished\":\"2024-02-28T16:03:09+00:00\",\"dateModified\":\"2025-01-03T21:59:42+00:00\",\"breadcrumb\":{\"@id\":\"https:\\\/\\\/pasyjne.zory.pl\\\/en\\\/choirs\\\/the-choir-of-the-university-of-economics-in-katowice\\\/#breadcrumb\"},\"inLanguage\":\"en-US\",\"potentialAction\":[{\"@type\":\"ReadAction\",\"target\":[\"https:\\\/\\\/pasyjne.zory.pl\\\/en\\\/choirs\\\/the-choir-of-the-university-of-economics-in-katowice\\\/\"]}]},{\"@type\":\"ImageObject\",\"inLanguage\":\"en-US\",\"@id\":\"https:\\\/\\\/pasyjne.zory.pl\\\/en\\\/choirs\\\/the-choir-of-the-university-of-economics-in-katowice\\\/#primaryimage\",\"url\":\"https:\\\/\\\/pasyjne.zory.pl\\\/wp-content\\\/uploads\\\/2024\\\/02\\\/chor-uniwersytet-ekumeniczny.jpg\",\"contentUrl\":\"https:\\\/\\\/pasyjne.zory.pl\\\/wp-content\\\/uploads\\\/2024\\\/02\\\/chor-uniwersytet-ekumeniczny.jpg\"},{\"@type\":\"BreadcrumbList\",\"@id\":\"https:\\\/\\\/pasyjne.zory.pl\\\/en\\\/choirs\\\/the-choir-of-the-university-of-economics-in-katowice\\\/#breadcrumb\",\"itemListElement\":[{\"@type\":\"ListItem\",\"position\":1,\"name\":\"Strona g\u0142\u00f3wna\",\"item\":\"https:\\\/\\\/pasyjne.zory.pl\\\/en\\\/\"},{\"@type\":\"ListItem\",\"position\":2,\"name\":\"Choirs\",\"item\":\"https:\\\/\\\/pasyjne.zory.pl\\\/en\\\/choirs\\\/\"},{\"@type\":\"ListItem\",\"position\":3,\"name\":\"2024 The Choir of the University of Economics in Katowice\"}]},{\"@type\":\"WebSite\",\"@id\":\"https:\\\/\\\/pasyjne.zory.pl\\\/#website\",\"url\":\"https:\\\/\\\/pasyjne.zory.pl\\\/\",\"name\":\"Mi\u0119dzynarodowy Ekumeniczny Koncert Muzyki Pokutnej i Pasyjnej w \u017borach\",\"description\":\"\",\"publisher\":{\"@id\":\"https:\\\/\\\/pasyjne.zory.pl\\\/#organization\"},\"potentialAction\":[{\"@type\":\"SearchAction\",\"target\":{\"@type\":\"EntryPoint\",\"urlTemplate\":\"https:\\\/\\\/pasyjne.zory.pl\\\/?s={search_term_string}\"},\"query-input\":{\"@type\":\"PropertyValueSpecification\",\"valueRequired\":true,\"valueName\":\"search_term_string\"}}],\"inLanguage\":\"en-US\"},{\"@type\":\"Organization\",\"@id\":\"https:\\\/\\\/pasyjne.zory.pl\\\/#organization\",\"name\":\"Mi\u0119dzynarodowy Ekumeniczny Koncert Muzyki Pokutnej i Pasyjnej w \u017borach\",\"url\":\"https:\\\/\\\/pasyjne.zory.pl\\\/\",\"logo\":{\"@type\":\"ImageObject\",\"inLanguage\":\"en-US\",\"@id\":\"https:\\\/\\\/pasyjne.zory.pl\\\/#\\\/schema\\\/logo\\\/image\\\/\",\"url\":\"https:\\\/\\\/pasyjne.zory.pl\\\/wp-content\\\/uploads\\\/2024\\\/02\\\/logo.png\",\"contentUrl\":\"https:\\\/\\\/pasyjne.zory.pl\\\/wp-content\\\/uploads\\\/2024\\\/02\\\/logo.png\",\"width\":1000,\"height\":1000,\"caption\":\"Mi\u0119dzynarodowy Ekumeniczny Koncert Muzyki Pokutnej i Pasyjnej w \u017borach\"},\"image\":{\"@id\":\"https:\\\/\\\/pasyjne.zory.pl\\\/#\\\/schema\\\/logo\\\/image\\\/\"}}]}<\/script>\n<!-- \/ Yoast SEO plugin. -->","yoast_head_json":{"title":"2024 The Choir of the University of Economics in Katowice - Mi\u0119dzynarodowy Ekumeniczny Koncert Muzyki Pokutnej i Pasyjnej w \u017borach","robots":{"index":"index","follow":"follow","max-snippet":"max-snippet:-1","max-image-preview":"max-image-preview:large","max-video-preview":"max-video-preview:-1"},"canonical":"https:\/\/pasyjne.zory.pl\/en\/choirs\/the-choir-of-the-university-of-economics-in-katowice\/","og_locale":"en_US","og_type":"article","og_title":"2024 The Choir of the University of Economics in Katowice - Mi\u0119dzynarodowy Ekumeniczny Koncert Muzyki Pokutnej i Pasyjnej w \u017borach","og_description":"16 March 2024, 17:00, , parafia \u015bw. Ap. Filipa i Jakuba w \u017borach, ul. Garncarska 16 The Choir of the University of Economics in Katowice was established in March 2006. The Conductor of the Choir since March 2013 has been Micha\u0142 Bro\u017cek. The Choir has 90 members. The choir consists of students, graduates, university employees [&hellip;]","og_url":"https:\/\/pasyjne.zory.pl\/en\/choirs\/the-choir-of-the-university-of-economics-in-katowice\/","og_site_name":"Mi\u0119dzynarodowy Ekumeniczny Koncert Muzyki Pokutnej i Pasyjnej w \u017borach","article_modified_time":"2025-01-03T21:59:42+00:00","og_image":[{"width":800,"height":500,"url":"https:\/\/pasyjne.zory.pl\/wp-content\/uploads\/2024\/02\/chor-uniwersytet-ekumeniczny.jpg","type":"image\/jpeg"}],"twitter_card":"summary_large_image","twitter_misc":{"Est. reading time":"5 minutes"},"schema":{"@context":"https:\/\/schema.org","@graph":[{"@type":"WebPage","@id":"https:\/\/pasyjne.zory.pl\/en\/choirs\/the-choir-of-the-university-of-economics-in-katowice\/","url":"https:\/\/pasyjne.zory.pl\/en\/choirs\/the-choir-of-the-university-of-economics-in-katowice\/","name":"2024 The Choir of the University of Economics in Katowice - Mi\u0119dzynarodowy Ekumeniczny Koncert Muzyki Pokutnej i Pasyjnej w \u017borach","isPartOf":{"@id":"https:\/\/pasyjne.zory.pl\/#website"},"primaryImageOfPage":{"@id":"https:\/\/pasyjne.zory.pl\/en\/choirs\/the-choir-of-the-university-of-economics-in-katowice\/#primaryimage"},"image":{"@id":"https:\/\/pasyjne.zory.pl\/en\/choirs\/the-choir-of-the-university-of-economics-in-katowice\/#primaryimage"},"thumbnailUrl":"https:\/\/pasyjne.zory.pl\/wp-content\/uploads\/2024\/02\/chor-uniwersytet-ekumeniczny.jpg","datePublished":"2024-02-28T16:03:09+00:00","dateModified":"2025-01-03T21:59:42+00:00","breadcrumb":{"@id":"https:\/\/pasyjne.zory.pl\/en\/choirs\/the-choir-of-the-university-of-economics-in-katowice\/#breadcrumb"},"inLanguage":"en-US","potentialAction":[{"@type":"ReadAction","target":["https:\/\/pasyjne.zory.pl\/en\/choirs\/the-choir-of-the-university-of-economics-in-katowice\/"]}]},{"@type":"ImageObject","inLanguage":"en-US","@id":"https:\/\/pasyjne.zory.pl\/en\/choirs\/the-choir-of-the-university-of-economics-in-katowice\/#primaryimage","url":"https:\/\/pasyjne.zory.pl\/wp-content\/uploads\/2024\/02\/chor-uniwersytet-ekumeniczny.jpg","contentUrl":"https:\/\/pasyjne.zory.pl\/wp-content\/uploads\/2024\/02\/chor-uniwersytet-ekumeniczny.jpg"},{"@type":"BreadcrumbList","@id":"https:\/\/pasyjne.zory.pl\/en\/choirs\/the-choir-of-the-university-of-economics-in-katowice\/#breadcrumb","itemListElement":[{"@type":"ListItem","position":1,"name":"Strona g\u0142\u00f3wna","item":"https:\/\/pasyjne.zory.pl\/en\/"},{"@type":"ListItem","position":2,"name":"Choirs","item":"https:\/\/pasyjne.zory.pl\/en\/choirs\/"},{"@type":"ListItem","position":3,"name":"2024 The Choir of the University of Economics in Katowice"}]},{"@type":"WebSite","@id":"https:\/\/pasyjne.zory.pl\/#website","url":"https:\/\/pasyjne.zory.pl\/","name":"Mi\u0119dzynarodowy Ekumeniczny Koncert Muzyki Pokutnej i Pasyjnej w \u017borach","description":"","publisher":{"@id":"https:\/\/pasyjne.zory.pl\/#organization"},"potentialAction":[{"@type":"SearchAction","target":{"@type":"EntryPoint","urlTemplate":"https:\/\/pasyjne.zory.pl\/?s={search_term_string}"},"query-input":{"@type":"PropertyValueSpecification","valueRequired":true,"valueName":"search_term_string"}}],"inLanguage":"en-US"},{"@type":"Organization","@id":"https:\/\/pasyjne.zory.pl\/#organization","name":"Mi\u0119dzynarodowy Ekumeniczny Koncert Muzyki Pokutnej i Pasyjnej w \u017borach","url":"https:\/\/pasyjne.zory.pl\/","logo":{"@type":"ImageObject","inLanguage":"en-US","@id":"https:\/\/pasyjne.zory.pl\/#\/schema\/logo\/image\/","url":"https:\/\/pasyjne.zory.pl\/wp-content\/uploads\/2024\/02\/logo.png","contentUrl":"https:\/\/pasyjne.zory.pl\/wp-content\/uploads\/2024\/02\/logo.png","width":1000,"height":1000,"caption":"Mi\u0119dzynarodowy Ekumeniczny Koncert Muzyki Pokutnej i Pasyjnej w \u017borach"},"image":{"@id":"https:\/\/pasyjne.zory.pl\/#\/schema\/logo\/image\/"}}]}},"_links":{"self":[{"href":"https:\/\/pasyjne.zory.pl\/en\/wp-json\/wp\/v2\/pages\/512","targetHints":{"allow":["GET"]}}],"collection":[{"href":"https:\/\/pasyjne.zory.pl\/en\/wp-json\/wp\/v2\/pages"}],"about":[{"href":"https:\/\/pasyjne.zory.pl\/en\/wp-json\/wp\/v2\/types\/page"}],"author":[{"embeddable":true,"href":"https:\/\/pasyjne.zory.pl\/en\/wp-json\/wp\/v2\/users\/1"}],"replies":[{"embeddable":true,"href":"https:\/\/pasyjne.zory.pl\/en\/wp-json\/wp\/v2\/comments?post=512"}],"version-history":[{"count":8,"href":"https:\/\/pasyjne.zory.pl\/en\/wp-json\/wp\/v2\/pages\/512\/revisions"}],"predecessor-version":[{"id":1061,"href":"https:\/\/pasyjne.zory.pl\/en\/wp-json\/wp\/v2\/pages\/512\/revisions\/1061"}],"up":[{"embeddable":true,"href":"https:\/\/pasyjne.zory.pl\/en\/wp-json\/wp\/v2\/pages\/426"}],"wp:attachment":[{"href":"https:\/\/pasyjne.zory.pl\/en\/wp-json\/wp\/v2\/media?parent=512"}],"curies":[{"name":"wp","href":"https:\/\/api.w.org\/{rel}","templated":true}]}}