{"id":562,"date":"2024-02-28T16:24:19","date_gmt":"2024-02-28T16:24:19","guid":{"rendered":"https:\/\/tender-bouman.46-242-128-94.plesk.page\/?page_id=562"},"modified":"2026-02-12T15:25:26","modified_gmt":"2026-02-12T15:25:26","slug":"program","status":"publish","type":"page","link":"https:\/\/pasyjne.zory.pl\/en\/program\/","title":{"rendered":"Program"},"content":{"rendered":"\t\t<div data-elementor-type=\"wp-page\" data-elementor-id=\"562\" class=\"elementor elementor-562 elementor-557\" data-elementor-post-type=\"page\">\n\t\t\t\t<div class=\"elementor-element elementor-element-920b062 e-flex e-con-boxed e-con e-parent\" data-id=\"920b062\" data-element_type=\"container\" data-e-type=\"container\">\n\t\t\t\t\t<div class=\"e-con-inner\">\n\t\t\t\t<div class=\"elementor-element elementor-element-9e29580 elementor-widget elementor-widget-heading\" data-id=\"9e29580\" data-element_type=\"widget\" data-e-type=\"widget\" data-widget_type=\"heading.default\">\n\t\t\t\t<div class=\"elementor-widget-container\">\n\t\t\t\t\t<h1 class=\"elementor-heading-title elementor-size-default\">Program<\/h1>\t\t\t\t<\/div>\n\t\t\t\t<\/div>\n\t\t\t\t<div class=\"elementor-element elementor-element-88bbf5b elementor-widget elementor-widget-text-editor\" data-id=\"88bbf5b\" data-element_type=\"widget\" data-e-type=\"widget\" data-widget_type=\"text-editor.default\">\n\t\t\t\t<div class=\"elementor-widget-container\">\n\t\t\t\t\t\t\t\t\t<p><strong>20 March 2026, 6:00 p.m.<\/strong><br \/><strong>Evangelical-Augsburg Parish in \u017bory, 18 Nowa Street<\/strong><\/p><p><strong>Vox Amici Vocal Ensemble from Gliwice<\/strong><br \/>Krzysztof Hrycyszyn \u2013 conductor<\/p><p><strong>Concert Program:<\/strong><br \/>Clemens non Papa \u2013 Adoramus Te Christe<br \/>Heinrich Sch\u00fctz \u2013 Ehre sei dir Christe<br \/>Richard Farrant \u2013 Hide Not Thou Thy Face<br \/>Fernando Sor \u2013 O Crux<br \/>Feliks Nowowiejski \u2013 Parce Domine<br \/>Feliks Nowowiejski \u2013 Stabat Mater<br \/>Stanis\u0142aw Moniuszko \u2013 Ojcze nasz<br \/>Gy\u00f6rgy De\u00e1k B\u00e1rdos \u2013 Eli, Eli lama sabachthani<br \/>Francis Poulenc \u2013 Timor et Tremor<br \/>Marcin W\u00f3jcik \u2013 Jezu Chryste, Panie Mi\u0142y<\/p><p><strong>El\u017cbieta Grodzka-\u0141opuszy\u0144ska \u2013 soprano<\/strong><br \/><strong>Agata Kobierska \u2013 mezzo-soprano<\/strong><br \/><strong>Daniel Strz\u0105da\u0142a \u2013 harpsichord<\/strong><br \/><strong>OMN Ensemble: Irena Kalinowska-Grohs, Agnieszka Laso\u0144, Krzysztof Batog, Danuta Sobik-Ptok<\/strong><\/p><p><strong>Concert Program:<\/strong><\/p><p>Giovanni Battista Pergolesi \u2013 Stabat Mater for soprano, alto, string ensemble and basso continuo<br \/>I. Stabat Mater dolorosa<br \/>II. Cuius animam gementem<br \/>III. O quam tristis et afflicta<br \/>IV. Quae moerebat et dolebat<br \/>V. Quis est homo qui non fleret<br \/>VI. Vidit suum dulcem natum<br \/>VII. Eia, Mater, fons amoris<br \/>VIII. Fac ut ardeat cor meum<br \/>IX. Sancta Mater, istud agas<br \/>X. Fac ut portem Christi mortem<br \/>XI. Inflammatus et accensus<br \/>XII. Quando corpus morietur. Amen<\/p><p><strong>21 March 2026, 6:00 p.m.<\/strong><br \/><strong>Parish of Saints Philip and James in \u017bory, 16 Garncarska Street<\/strong><\/p><p><strong>Be\u00e1ta Vyml\u00e1tilov\u00e1 (Czech Republic) \u2013 soprano<\/strong><br \/><strong>Petra Be\u0148ov\u00e1 (Slovakia) \u2013 mezzo-soprano<\/strong><br \/><strong>\u0141ukasz Wilga \u2013 piano<\/strong><\/p><p><strong>Concert Program:<\/strong><\/p><p>Anton\u00edn Dvo\u0159\u00e1k \u2013 Biblical Songs, Op. 99<br \/>I. Oblak a mr\u00e1kota jest v\u00fakol N\u011bho (Psalm 97)<br \/>II. Skr\u00fd\u0161e m\u00e1 a paveza m\u00e1 Ty jsi (Psalm 119)<br \/>III. Sly\u0161, \u00f3 Bo\u017ee, sly\u0161 modlitbu mou (Psalm 55)<br \/>IV. Hospodin jest m\u016fj past\u00fd\u0159 (Psalm 23)<br \/>V. Bo\u017ee! Bo\u017ee! P\u00edse\u0148 novou zp\u00edvati budu (Psalms 144, 145)<br \/>VI. Sly\u0161, \u00f3 Bo\u017ee, vol\u00e1n\u00ed m\u00e9 (Psalm 61)<br \/>VII. P\u0159i \u0159ek\u00e1ch babylonsk\u00fdch (Psalm 137)<br \/>VIII. Popat\u0159i\u017e na mne a smiluj se nade mnou (Psalm 25)<br \/>IX. Pozdvihuji o\u010d\u00ed sv\u00fdch k hor\u00e1m (Psalm 121)<br \/>X. Zp\u00edvejte Hospodinu p\u00edse\u0144 novou (Psalm 96)<\/p><p>Sacred vocal duets from various periods on penitential and Passion themes<\/p><p><strong>Rondo Vocal Ensemble from Wroc\u0142aw<\/strong><br \/><strong>Ma\u0142gorzata Podzielny \u2013 conductor<\/strong><\/p><p><strong>Concert Program:<\/strong><br \/>Anonymous \/ Benedictine Nuns\u2019 Hymnal from Sandomierz \u2013 Media vita<br \/>Antonio Lotti \u2013 Miserere<br \/>Feliks Nowowiejski \u2013 Parce Domine<br \/>W\u0142adys\u0142aw of Gielni\u00f3w \u2013 Jezusa Judasz przeda\u0142<br \/>Stanis\u0142aw Moryto \u2013 O, duszo wszelka nabo\u017cna from the cycle Five Kurpie Songs<br \/>Antonio Lotti \u2013 Crucifixus<br \/>Anonymous \u2013 Sta\u0142a Matka bole\u015bciwa<br \/>Lorenzo Donati \u2013 Ponetemente<br \/>Andrzej Nikodemowicz \u2013 Dobranoc, g\u0142owo \u015bwi\u0119ta<br \/>Stanis\u0142aw Moryto \u2013 Missa brevis pro Defunctis<br \/>\u2013 Requiem aeternam<br \/>\u2013 Lux aeterna<br \/>\u0141ukasz Urbaniak \u2013 In te Domine speravi<\/p>\t\t\t\t\t\t\t\t<\/div>\n\t\t\t\t<\/div>\n\t\t\t\t\t<\/div>\n\t\t\t\t<\/div>\n\t\t\t\t<\/div>\n\t\t","protected":false},"excerpt":{"rendered":"<p>Program 20 March 2026, 6:00 p.m.Evangelical-Augsburg Parish in \u017bory, 18 Nowa Street Vox Amici Vocal Ensemble from GliwiceKrzysztof Hrycyszyn \u2013 conductor Concert Program:Clemens non Papa \u2013 Adoramus Te ChristeHeinrich Sch\u00fctz \u2013 Ehre sei dir ChristeRichard Farrant \u2013 Hide Not Thou Thy FaceFernando Sor \u2013 O CruxFeliks Nowowiejski \u2013 Parce DomineFeliks Nowowiejski \u2013 Stabat MaterStanis\u0142aw Moniuszko [&hellip;]<\/p>\n","protected":false},"author":1,"featured_media":0,"parent":0,"menu_order":0,"comment_status":"closed","ping_status":"closed","template":"","meta":{"footnotes":""},"class_list":["post-562","page","type-page","status-publish","hentry"],"yoast_head":"<!-- This site is optimized with the Yoast SEO plugin v27.4 - https:\/\/yoast.com\/product\/yoast-seo-wordpress\/ -->\n<title>Program - Mi\u0119dzynarodowy Ekumeniczny Koncert Muzyki Pokutnej i Pasyjnej w \u017borach<\/title>\n<meta name=\"robots\" content=\"index, follow, max-snippet:-1, max-image-preview:large, max-video-preview:-1\" \/>\n<link rel=\"canonical\" href=\"https:\/\/pasyjne.zory.pl\/en\/program\/\" \/>\n<meta property=\"og:locale\" content=\"en_US\" \/>\n<meta property=\"og:type\" content=\"article\" \/>\n<meta property=\"og:title\" content=\"Program - Mi\u0119dzynarodowy Ekumeniczny Koncert Muzyki Pokutnej i Pasyjnej w \u017borach\" \/>\n<meta property=\"og:description\" content=\"Program 20 March 2026, 6:00 p.m.Evangelical-Augsburg Parish in \u017bory, 18 Nowa Street Vox Amici Vocal Ensemble from GliwiceKrzysztof Hrycyszyn \u2013 conductor Concert Program:Clemens non Papa \u2013 Adoramus Te ChristeHeinrich Sch\u00fctz \u2013 Ehre sei dir ChristeRichard Farrant \u2013 Hide Not Thou Thy FaceFernando Sor \u2013 O CruxFeliks Nowowiejski \u2013 Parce DomineFeliks Nowowiejski \u2013 Stabat MaterStanis\u0142aw Moniuszko [&hellip;]\" \/>\n<meta property=\"og:url\" content=\"https:\/\/pasyjne.zory.pl\/en\/program\/\" \/>\n<meta property=\"og:site_name\" content=\"Mi\u0119dzynarodowy Ekumeniczny Koncert Muzyki Pokutnej i Pasyjnej w \u017borach\" \/>\n<meta property=\"article:modified_time\" content=\"2026-02-12T15:25:26+00:00\" \/>\n<meta name=\"twitter:card\" content=\"summary_large_image\" \/>\n<meta name=\"twitter:label1\" content=\"Est. reading time\" \/>\n\t<meta name=\"twitter:data1\" content=\"2 minutes\" \/>\n<script type=\"application\/ld+json\" class=\"yoast-schema-graph\">{\"@context\":\"https:\\\/\\\/schema.org\",\"@graph\":[{\"@type\":\"WebPage\",\"@id\":\"https:\\\/\\\/pasyjne.zory.pl\\\/en\\\/program\\\/\",\"url\":\"https:\\\/\\\/pasyjne.zory.pl\\\/en\\\/program\\\/\",\"name\":\"Program - Mi\u0119dzynarodowy Ekumeniczny Koncert Muzyki Pokutnej i Pasyjnej w \u017borach\",\"isPartOf\":{\"@id\":\"https:\\\/\\\/pasyjne.zory.pl\\\/#website\"},\"datePublished\":\"2024-02-28T16:24:19+00:00\",\"dateModified\":\"2026-02-12T15:25:26+00:00\",\"breadcrumb\":{\"@id\":\"https:\\\/\\\/pasyjne.zory.pl\\\/en\\\/program\\\/#breadcrumb\"},\"inLanguage\":\"en-US\",\"potentialAction\":[{\"@type\":\"ReadAction\",\"target\":[\"https:\\\/\\\/pasyjne.zory.pl\\\/en\\\/program\\\/\"]}]},{\"@type\":\"BreadcrumbList\",\"@id\":\"https:\\\/\\\/pasyjne.zory.pl\\\/en\\\/program\\\/#breadcrumb\",\"itemListElement\":[{\"@type\":\"ListItem\",\"position\":1,\"name\":\"Strona g\u0142\u00f3wna\",\"item\":\"https:\\\/\\\/pasyjne.zory.pl\\\/en\\\/\"},{\"@type\":\"ListItem\",\"position\":2,\"name\":\"Program\"}]},{\"@type\":\"WebSite\",\"@id\":\"https:\\\/\\\/pasyjne.zory.pl\\\/#website\",\"url\":\"https:\\\/\\\/pasyjne.zory.pl\\\/\",\"name\":\"Mi\u0119dzynarodowy Ekumeniczny Koncert Muzyki Pokutnej i Pasyjnej w \u017borach\",\"description\":\"\",\"publisher\":{\"@id\":\"https:\\\/\\\/pasyjne.zory.pl\\\/#organization\"},\"potentialAction\":[{\"@type\":\"SearchAction\",\"target\":{\"@type\":\"EntryPoint\",\"urlTemplate\":\"https:\\\/\\\/pasyjne.zory.pl\\\/?s={search_term_string}\"},\"query-input\":{\"@type\":\"PropertyValueSpecification\",\"valueRequired\":true,\"valueName\":\"search_term_string\"}}],\"inLanguage\":\"en-US\"},{\"@type\":\"Organization\",\"@id\":\"https:\\\/\\\/pasyjne.zory.pl\\\/#organization\",\"name\":\"Mi\u0119dzynarodowy Ekumeniczny Koncert Muzyki Pokutnej i Pasyjnej w \u017borach\",\"url\":\"https:\\\/\\\/pasyjne.zory.pl\\\/\",\"logo\":{\"@type\":\"ImageObject\",\"inLanguage\":\"en-US\",\"@id\":\"https:\\\/\\\/pasyjne.zory.pl\\\/#\\\/schema\\\/logo\\\/image\\\/\",\"url\":\"https:\\\/\\\/pasyjne.zory.pl\\\/wp-content\\\/uploads\\\/2024\\\/02\\\/logo.png\",\"contentUrl\":\"https:\\\/\\\/pasyjne.zory.pl\\\/wp-content\\\/uploads\\\/2024\\\/02\\\/logo.png\",\"width\":1000,\"height\":1000,\"caption\":\"Mi\u0119dzynarodowy Ekumeniczny Koncert Muzyki Pokutnej i Pasyjnej w \u017borach\"},\"image\":{\"@id\":\"https:\\\/\\\/pasyjne.zory.pl\\\/#\\\/schema\\\/logo\\\/image\\\/\"}}]}<\/script>\n<!-- \/ Yoast SEO plugin. -->","yoast_head_json":{"title":"Program - Mi\u0119dzynarodowy Ekumeniczny Koncert Muzyki Pokutnej i Pasyjnej w \u017borach","robots":{"index":"index","follow":"follow","max-snippet":"max-snippet:-1","max-image-preview":"max-image-preview:large","max-video-preview":"max-video-preview:-1"},"canonical":"https:\/\/pasyjne.zory.pl\/en\/program\/","og_locale":"en_US","og_type":"article","og_title":"Program - Mi\u0119dzynarodowy Ekumeniczny Koncert Muzyki Pokutnej i Pasyjnej w \u017borach","og_description":"Program 20 March 2026, 6:00 p.m.Evangelical-Augsburg Parish in \u017bory, 18 Nowa Street Vox Amici Vocal Ensemble from GliwiceKrzysztof Hrycyszyn \u2013 conductor Concert Program:Clemens non Papa \u2013 Adoramus Te ChristeHeinrich Sch\u00fctz \u2013 Ehre sei dir ChristeRichard Farrant \u2013 Hide Not Thou Thy FaceFernando Sor \u2013 O CruxFeliks Nowowiejski \u2013 Parce DomineFeliks Nowowiejski \u2013 Stabat MaterStanis\u0142aw Moniuszko [&hellip;]","og_url":"https:\/\/pasyjne.zory.pl\/en\/program\/","og_site_name":"Mi\u0119dzynarodowy Ekumeniczny Koncert Muzyki Pokutnej i Pasyjnej w \u017borach","article_modified_time":"2026-02-12T15:25:26+00:00","twitter_card":"summary_large_image","twitter_misc":{"Est. reading time":"2 minutes"},"schema":{"@context":"https:\/\/schema.org","@graph":[{"@type":"WebPage","@id":"https:\/\/pasyjne.zory.pl\/en\/program\/","url":"https:\/\/pasyjne.zory.pl\/en\/program\/","name":"Program - Mi\u0119dzynarodowy Ekumeniczny Koncert Muzyki Pokutnej i Pasyjnej w \u017borach","isPartOf":{"@id":"https:\/\/pasyjne.zory.pl\/#website"},"datePublished":"2024-02-28T16:24:19+00:00","dateModified":"2026-02-12T15:25:26+00:00","breadcrumb":{"@id":"https:\/\/pasyjne.zory.pl\/en\/program\/#breadcrumb"},"inLanguage":"en-US","potentialAction":[{"@type":"ReadAction","target":["https:\/\/pasyjne.zory.pl\/en\/program\/"]}]},{"@type":"BreadcrumbList","@id":"https:\/\/pasyjne.zory.pl\/en\/program\/#breadcrumb","itemListElement":[{"@type":"ListItem","position":1,"name":"Strona g\u0142\u00f3wna","item":"https:\/\/pasyjne.zory.pl\/en\/"},{"@type":"ListItem","position":2,"name":"Program"}]},{"@type":"WebSite","@id":"https:\/\/pasyjne.zory.pl\/#website","url":"https:\/\/pasyjne.zory.pl\/","name":"Mi\u0119dzynarodowy Ekumeniczny Koncert Muzyki Pokutnej i Pasyjnej w \u017borach","description":"","publisher":{"@id":"https:\/\/pasyjne.zory.pl\/#organization"},"potentialAction":[{"@type":"SearchAction","target":{"@type":"EntryPoint","urlTemplate":"https:\/\/pasyjne.zory.pl\/?s={search_term_string}"},"query-input":{"@type":"PropertyValueSpecification","valueRequired":true,"valueName":"search_term_string"}}],"inLanguage":"en-US"},{"@type":"Organization","@id":"https:\/\/pasyjne.zory.pl\/#organization","name":"Mi\u0119dzynarodowy Ekumeniczny Koncert Muzyki Pokutnej i Pasyjnej w \u017borach","url":"https:\/\/pasyjne.zory.pl\/","logo":{"@type":"ImageObject","inLanguage":"en-US","@id":"https:\/\/pasyjne.zory.pl\/#\/schema\/logo\/image\/","url":"https:\/\/pasyjne.zory.pl\/wp-content\/uploads\/2024\/02\/logo.png","contentUrl":"https:\/\/pasyjne.zory.pl\/wp-content\/uploads\/2024\/02\/logo.png","width":1000,"height":1000,"caption":"Mi\u0119dzynarodowy Ekumeniczny Koncert Muzyki Pokutnej i Pasyjnej w \u017borach"},"image":{"@id":"https:\/\/pasyjne.zory.pl\/#\/schema\/logo\/image\/"}}]}},"_links":{"self":[{"href":"https:\/\/pasyjne.zory.pl\/en\/wp-json\/wp\/v2\/pages\/562","targetHints":{"allow":["GET"]}}],"collection":[{"href":"https:\/\/pasyjne.zory.pl\/en\/wp-json\/wp\/v2\/pages"}],"about":[{"href":"https:\/\/pasyjne.zory.pl\/en\/wp-json\/wp\/v2\/types\/page"}],"author":[{"embeddable":true,"href":"https:\/\/pasyjne.zory.pl\/en\/wp-json\/wp\/v2\/users\/1"}],"replies":[{"embeddable":true,"href":"https:\/\/pasyjne.zory.pl\/en\/wp-json\/wp\/v2\/comments?post=562"}],"version-history":[{"count":10,"href":"https:\/\/pasyjne.zory.pl\/en\/wp-json\/wp\/v2\/pages\/562\/revisions"}],"predecessor-version":[{"id":1845,"href":"https:\/\/pasyjne.zory.pl\/en\/wp-json\/wp\/v2\/pages\/562\/revisions\/1845"}],"wp:attachment":[{"href":"https:\/\/pasyjne.zory.pl\/en\/wp-json\/wp\/v2\/media?parent=562"}],"curies":[{"name":"wp","href":"https:\/\/api.w.org\/{rel}","templated":true}]}}